{"id":7404,"date":"2024-09-19T16:56:47","date_gmt":"2024-09-19T13:56:47","guid":{"rendered":"https:\/\/petityu.com\/ici-kurklu-su-gecirmez-yumusacik-sicak-tutan-laci-mavi-dino-bere-eldiven-set-3-6-yas\/"},"modified":"2026-01-05T16:36:17","modified_gmt":"2026-01-05T13:36:17","slug":"ici-kurklu-su-gecirmez-yumusacik-sicak-tutan-laci-mavi-dino-bere-eldiven-set-3-6-yas","status":"publish","type":"product","link":"https:\/\/petityu.com\/en\/ici-kurklu-su-gecirmez-yumusacik-sicak-tutan-laci-mavi-dino-bere-eldiven-set-3-6-yas\/","title":{"rendered":"i\u00e7i K\u00fcrkl\u00fc Su Ge\u00e7irmez Yumu\u015fac\u0131k S\u0131cak Tutan Laci mavi Dino Bere Eldiven Set 3-6 ya\u015f"},"content":{"rendered":"<p>\u00c7ocuklar\u0131n\u0131z\u0131n k\u0131\u015f aylar\u0131nda s\u0131cak ve konforlu kalmas\u0131n\u0131 sa\u011flayan, i\u00e7i k\u00fcrkl\u00fc su ge\u00e7irmez yumu\u015fac\u0131k s\u0131cak tutan lacivert dino beresi ve eldiveni seti, 3-6 ya\u015f aras\u0131 bebek ve \u00e7ocuklar\u0131n\u0131z i\u00e7in idealdir. Bu set, \u00e7ocuklar\u0131n\u0131z\u0131n hem \u015f\u0131k g\u00f6r\u00fcnmesini sa\u011flar hem de so\u011fuk havalarda ellerini ve kafas\u0131n\u0131 s\u0131cak tutar.;<\/p>","protected":false},"excerpt":{"rendered":"<p>\u00c7ocuklar\u0131n\u0131z\u0131n k\u0131\u015f aylar\u0131nda s\u0131cak ve konforlu kalmas\u0131n\u0131 sa\u011flayan, i\u00e7i k\u00fcrkl\u00fc su ge\u00e7irmez yumu\u015fac\u0131k s\u0131cak tutan lacivert dino beresi ve eldiveni seti, 3-6 ya\u015f aras\u0131 bebek&hellip;<\/p>","protected":false},"featured_media":7401,"template":"","meta":[],"product_brand":[],"product_cat":[15,997,936],"product_tag":[],"class_list":{"0":"post-7404","1":"product","2":"type-product","3":"status-publish","4":"has-post-thumbnail","6":"product_cat-genel","7":"product_cat-atki-bere-eldiven","8":"product_cat-erkekcocuk","10":"first","11":"outofstock","12":"taxable","13":"shipping-taxable","14":"purchasable","15":"product-type-simple"},"_links":{"self":[{"href":"https:\/\/petityu.com\/en\/wp-json\/wp\/v2\/product\/7404","targetHints":{"allow":["GET"]}}],"collection":[{"href":"https:\/\/petityu.com\/en\/wp-json\/wp\/v2\/product"}],"about":[{"href":"https:\/\/petityu.com\/en\/wp-json\/wp\/v2\/types\/product"}],"wp:featuredmedia":[{"embeddable":true,"href":"https:\/\/petityu.com\/en\/wp-json\/wp\/v2\/media\/7401"}],"wp:attachment":[{"href":"https:\/\/petityu.com\/en\/wp-json\/wp\/v2\/media?parent=7404"}],"wp:term":[{"taxonomy":"product_brand","embeddable":true,"href":"https:\/\/petityu.com\/en\/wp-json\/wp\/v2\/product_brand?post=7404"},{"taxonomy":"product_cat","embeddable":true,"href":"https:\/\/petityu.com\/en\/wp-json\/wp\/v2\/product_cat?post=7404"},{"taxonomy":"product_tag","embeddable":true,"href":"https:\/\/petityu.com\/en\/wp-json\/wp\/v2\/product_tag?post=7404"}],"curies":[{"name":"wp","href":"https:\/\/api.w.org\/{rel}","templated":true}]}}