{"id":7410,"date":"2024-09-19T16:57:42","date_gmt":"2024-09-19T13:57:42","guid":{"rendered":"https:\/\/petityu.com\/voleybol-suluk-topa-donusebilen-pipetli-550-ml-suluk-23lbgvoleybolsuluk\/"},"modified":"2025-08-21T14:00:48","modified_gmt":"2025-08-21T11:00:48","slug":"voleybol-suluk-topa-donusebilen-pipetli-550-ml-suluk-23lbgvoleybolsuluk","status":"publish","type":"product","link":"https:\/\/petityu.com\/en\/voleybol-suluk-topa-donusebilen-pipetli-550-ml-suluk-23lbgvoleybolsuluk\/","title":{"rendered":"Voleybol Suluk &#8211; Topa Donusebilen Pipetli 550 Ml Suluk 23lbgvoleybolsuluk"},"content":{"rendered":"<p>Top \u015fekline d\u00f6n\u00fc\u015febilen BPA free kokusuz 550 ml suluk<\/p>","protected":false},"excerpt":{"rendered":"<p>Top \u015fekline d\u00f6n\u00fc\u015febilen BPA free kokusuz 550 ml suluk<\/p>","protected":false},"featured_media":7409,"template":"","meta":[],"product_brand":[],"product_cat":[15,936,935,937,982],"product_tag":[],"class_list":{"0":"post-7410","1":"product","2":"type-product","3":"status-publish","4":"has-post-thumbnail","6":"product_cat-genel","7":"product_cat-erkekcocuk","8":"product_cat-kizcocuk","9":"product_cat-matara-suluk-termos","10":"product_cat-matara-termos-suluk","12":"first","13":"outofstock","14":"taxable","15":"shipping-taxable","16":"purchasable","17":"product-type-simple"},"_links":{"self":[{"href":"https:\/\/petityu.com\/en\/wp-json\/wp\/v2\/product\/7410","targetHints":{"allow":["GET"]}}],"collection":[{"href":"https:\/\/petityu.com\/en\/wp-json\/wp\/v2\/product"}],"about":[{"href":"https:\/\/petityu.com\/en\/wp-json\/wp\/v2\/types\/product"}],"wp:featuredmedia":[{"embeddable":true,"href":"https:\/\/petityu.com\/en\/wp-json\/wp\/v2\/media\/7409"}],"wp:attachment":[{"href":"https:\/\/petityu.com\/en\/wp-json\/wp\/v2\/media?parent=7410"}],"wp:term":[{"taxonomy":"product_brand","embeddable":true,"href":"https:\/\/petityu.com\/en\/wp-json\/wp\/v2\/product_brand?post=7410"},{"taxonomy":"product_cat","embeddable":true,"href":"https:\/\/petityu.com\/en\/wp-json\/wp\/v2\/product_cat?post=7410"},{"taxonomy":"product_tag","embeddable":true,"href":"https:\/\/petityu.com\/en\/wp-json\/wp\/v2\/product_tag?post=7410"}],"curies":[{"name":"wp","href":"https:\/\/api.w.org\/{rel}","templated":true}]}}