{"id":7412,"date":"2024-09-19T16:57:58","date_gmt":"2024-09-19T13:57:58","guid":{"rendered":"https:\/\/petityu.com\/mavi-polar-bere-eldiven-set-saks-mavisi-polar-bere-eldiven-ikili-set\/"},"modified":"2026-01-09T15:22:18","modified_gmt":"2026-01-09T12:22:18","slug":"mavi-polar-bere-eldiven-set-saks-mavisi-polar-bere-eldiven-ikili-set","status":"publish","type":"product","link":"https:\/\/petityu.com\/en\/mavi-polar-bere-eldiven-set-saks-mavisi-polar-bere-eldiven-ikili-set\/","title":{"rendered":"Petityu Mavi Polar Bere Eldiven Set &#8211; Saks Mavisi 2-5 Ya\u015f"},"content":{"rendered":"<p><p>S\u0131cac\u0131k tutu\u015fuyla \u00e7ocuklar\u0131n k\u0131\u015f aylar\u0131nda ellerini s\u0131cak tutmak i\u00e7in idealdir.; Saks mavisi polar bere ve eldiven seti, \u00e7ocuklar\u0131n tarz\u0131n\u0131 tamamlayacak \u015f\u0131k ve modern bir tasar\u0131ma sahiptir.; D\u00fcz deseni sayesinde, farkl\u0131 k\u0131yafetlerle kolayca uyum sa\u011flar ve zamans\u0131z bir stil olu\u015fturur.; Bebek ve \u00e7ocuklar i\u00e7in \u00f6zel olarak tasarlanm\u0131\u015ft\u0131r; yumu\u015fak dokusuyla cildi tahri\u015f etmez ve rahat bir kullan\u0131m sunar.;<\/p><\/p>","protected":false},"excerpt":{"rendered":"<p>S\u0131cac\u0131k tutu\u015fuyla \u00e7ocuklar\u0131n k\u0131\u015f aylar\u0131nda ellerini s\u0131cak tutmak i\u00e7in idealdir.; Saks mavisi polar bere ve eldiven seti, \u00e7ocuklar\u0131n tarz\u0131n\u0131 tamamlayacak \u015f\u0131k ve modern bir tasar\u0131ma&hellip;<\/p>","protected":false},"featured_media":7411,"template":"","meta":[],"product_brand":[],"product_cat":[997,936,15],"product_tag":[],"class_list":{"0":"post-7412","1":"product","2":"type-product","3":"status-publish","4":"has-post-thumbnail","6":"product_cat-atki-bere-eldiven","7":"product_cat-erkekcocuk","8":"product_cat-genel","10":"first","11":"outofstock","12":"taxable","13":"shipping-taxable","14":"purchasable","15":"product-type-variable"},"_links":{"self":[{"href":"https:\/\/petityu.com\/en\/wp-json\/wp\/v2\/product\/7412","targetHints":{"allow":["GET"]}}],"collection":[{"href":"https:\/\/petityu.com\/en\/wp-json\/wp\/v2\/product"}],"about":[{"href":"https:\/\/petityu.com\/en\/wp-json\/wp\/v2\/types\/product"}],"wp:featuredmedia":[{"embeddable":true,"href":"https:\/\/petityu.com\/en\/wp-json\/wp\/v2\/media\/7411"}],"wp:attachment":[{"href":"https:\/\/petityu.com\/en\/wp-json\/wp\/v2\/media?parent=7412"}],"wp:term":[{"taxonomy":"product_brand","embeddable":true,"href":"https:\/\/petityu.com\/en\/wp-json\/wp\/v2\/product_brand?post=7412"},{"taxonomy":"product_cat","embeddable":true,"href":"https:\/\/petityu.com\/en\/wp-json\/wp\/v2\/product_cat?post=7412"},{"taxonomy":"product_tag","embeddable":true,"href":"https:\/\/petityu.com\/en\/wp-json\/wp\/v2\/product_tag?post=7412"}],"curies":[{"name":"wp","href":"https:\/\/api.w.org\/{rel}","templated":true}]}}