{"id":7416,"date":"2024-09-19T16:58:28","date_gmt":"2024-09-19T13:58:28","guid":{"rendered":"https:\/\/petityu.com\/sugecirmez-ici-polar-sicak-tutan-bere-kulaklari-kapar\/"},"modified":"2025-08-21T13:57:22","modified_gmt":"2025-08-21T10:57:22","slug":"sugecirmez-ici-polar-sicak-tutan-bere-kulaklari-kapar","status":"publish","type":"product","link":"https:\/\/petityu.com\/en\/sugecirmez-ici-polar-sicak-tutan-bere-kulaklari-kapar\/","title":{"rendered":"suge\u00e7irmez i\u00e7i polar s\u0131cak tutan bere (kulaklari kapar)"},"content":{"rendered":"<p>Suge\u00e7irmez polar malzeme, so\u011fuk havalarda bebe\u011finizin veya \u00e7ocu\u011funuzun kafas\u0131n\u0131 s\u0131cak tutar.; Kulaklar\u0131 kapatan tasar\u0131m\u0131yla k\u0131\u015f aylar\u0131nda bebe\u011finizin veya \u00e7ocu\u011funuzun kulaklar\u0131n\u0131 so\u011fuktan korur.; Dokuma kuma\u015f tipi, dayan\u0131kl\u0131l\u0131\u011f\u0131 art\u0131r\u0131rken yumu\u015fak dokusuyla cildi tahri\u015f etmez.;<\/p>","protected":false},"excerpt":{"rendered":"<p>Suge\u00e7irmez polar malzeme, so\u011fuk havalarda bebe\u011finizin veya \u00e7ocu\u011funuzun kafas\u0131n\u0131 s\u0131cak tutar.; Kulaklar\u0131 kapatan tasar\u0131m\u0131yla k\u0131\u015f aylar\u0131nda bebe\u011finizin veya \u00e7ocu\u011funuzun kulaklar\u0131n\u0131 so\u011fuktan korur.; Dokuma kuma\u015f tipi,&hellip;<\/p>","protected":false},"featured_media":7415,"template":"","meta":[],"product_brand":[],"product_cat":[15,981,935],"product_tag":[],"class_list":{"0":"post-7416","1":"product","2":"type-product","3":"status-publish","4":"has-post-thumbnail","6":"product_cat-genel","7":"product_cat-bere-atki-eldiven","8":"product_cat-kizcocuk","10":"first","11":"outofstock","12":"taxable","13":"shipping-taxable","14":"purchasable","15":"product-type-simple"},"_links":{"self":[{"href":"https:\/\/petityu.com\/en\/wp-json\/wp\/v2\/product\/7416","targetHints":{"allow":["GET"]}}],"collection":[{"href":"https:\/\/petityu.com\/en\/wp-json\/wp\/v2\/product"}],"about":[{"href":"https:\/\/petityu.com\/en\/wp-json\/wp\/v2\/types\/product"}],"wp:featuredmedia":[{"embeddable":true,"href":"https:\/\/petityu.com\/en\/wp-json\/wp\/v2\/media\/7415"}],"wp:attachment":[{"href":"https:\/\/petityu.com\/en\/wp-json\/wp\/v2\/media?parent=7416"}],"wp:term":[{"taxonomy":"product_brand","embeddable":true,"href":"https:\/\/petityu.com\/en\/wp-json\/wp\/v2\/product_brand?post=7416"},{"taxonomy":"product_cat","embeddable":true,"href":"https:\/\/petityu.com\/en\/wp-json\/wp\/v2\/product_cat?post=7416"},{"taxonomy":"product_tag","embeddable":true,"href":"https:\/\/petityu.com\/en\/wp-json\/wp\/v2\/product_tag?post=7416"}],"curies":[{"name":"wp","href":"https:\/\/api.w.org\/{rel}","templated":true}]}}