{"id":7418,"date":"2024-09-19T16:58:43","date_gmt":"2024-09-19T13:58:43","guid":{"rendered":"https:\/\/petityu.com\/kaydirmaz-kislik-ev-patigi-corap-patik-22-23-1-2yas-pembe\/"},"modified":"2026-01-05T15:58:37","modified_gmt":"2026-01-05T12:58:37","slug":"kaydirmaz-kislik-ev-patigi-corap-patik-22-23-1-2yas-pembe","status":"publish","type":"product","link":"https:\/\/petityu.com\/en\/kaydirmaz-kislik-ev-patigi-corap-patik-22-23-1-2yas-pembe\/","title":{"rendered":"Petityu Kayd\u0131rmaz K\u0131\u015fl\u0131k Ev Patigi &#8211; Pembe \u00c7orap Patik 22-23 (1-2Ya\u015f)"},"content":{"rendered":"<p>ev terligi 22-23 beden<\/p>","protected":false},"excerpt":{"rendered":"<p>ev terligi 22-23 beden<\/p>","protected":false},"featured_media":7417,"template":"","meta":[],"product_brand":[],"product_cat":[15,935,977],"product_tag":[],"class_list":{"0":"post-7418","1":"product","2":"type-product","3":"status-publish","4":"has-post-thumbnail","6":"product_cat-genel","7":"product_cat-kizcocuk","8":"product_cat-patik-terlik-ev-ayakkabisi","10":"first","11":"instock","12":"taxable","13":"shipping-taxable","14":"purchasable","15":"product-type-simple"},"_links":{"self":[{"href":"https:\/\/petityu.com\/en\/wp-json\/wp\/v2\/product\/7418","targetHints":{"allow":["GET"]}}],"collection":[{"href":"https:\/\/petityu.com\/en\/wp-json\/wp\/v2\/product"}],"about":[{"href":"https:\/\/petityu.com\/en\/wp-json\/wp\/v2\/types\/product"}],"wp:featuredmedia":[{"embeddable":true,"href":"https:\/\/petityu.com\/en\/wp-json\/wp\/v2\/media\/7417"}],"wp:attachment":[{"href":"https:\/\/petityu.com\/en\/wp-json\/wp\/v2\/media?parent=7418"}],"wp:term":[{"taxonomy":"product_brand","embeddable":true,"href":"https:\/\/petityu.com\/en\/wp-json\/wp\/v2\/product_brand?post=7418"},{"taxonomy":"product_cat","embeddable":true,"href":"https:\/\/petityu.com\/en\/wp-json\/wp\/v2\/product_cat?post=7418"},{"taxonomy":"product_tag","embeddable":true,"href":"https:\/\/petityu.com\/en\/wp-json\/wp\/v2\/product_tag?post=7418"}],"curies":[{"name":"wp","href":"https:\/\/api.w.org\/{rel}","templated":true}]}}