{"id":7420,"date":"2024-09-19T16:58:59","date_gmt":"2024-09-19T13:58:59","guid":{"rendered":"https:\/\/petityu.com\/kuromi-kawaii-kalem-kutu-cift-fermuarli-cift-katli-sirin-pembe-kiz-cocuk-kalem-kutu\/"},"modified":"2025-11-24T14:51:39","modified_gmt":"2025-11-24T11:51:39","slug":"kuromi-kawaii-kalem-kutu-cift-fermuarli-cift-katli-sirin-pembe-kiz-cocuk-kalem-kutu","status":"publish","type":"product","link":"https:\/\/petityu.com\/en\/kuromi-kawaii-kalem-kutu-cift-fermuarli-cift-katli-sirin-pembe-kiz-cocuk-kalem-kutu\/","title":{"rendered":"Kuromi Kawaii Kalem Kutu \u00c7ift Fermuarl\u0131 \u00c7ift Katl\u0131 \u015eirin Mor K\u0131z \u00c7ocuk Kalem Kutu"},"content":{"rendered":"<div ><br \/>\n<ul><br \/>\n<li>kuromi mor k\u0131z \u00e7ocuk kalem kutu <br><\/li><br \/>\n<li>\u00e7ift fermuar b\u00fcy\u00fck k\u0131z \u00e7ocuk kalem kutu<\/li><\/ul><br \/>\n<div><br><\/div><\/div>","protected":false},"excerpt":{"rendered":"<p>kuromi mor k\u0131z \u00e7ocuk kalem kutu \u00e7ift fermuar b\u00fcy\u00fck k\u0131z \u00e7ocuk kalem kutu<\/p>","protected":false},"featured_media":7419,"template":"","meta":[],"product_brand":[],"product_cat":[15,980,935],"product_tag":[],"class_list":{"0":"post-7420","1":"product","2":"type-product","3":"status-publish","4":"has-post-thumbnail","6":"product_cat-genel","7":"product_cat-kalem-kutusu-kizcocuk","8":"product_cat-kizcocuk","10":"first","11":"instock","12":"taxable","13":"shipping-taxable","14":"purchasable","15":"product-type-simple"},"_links":{"self":[{"href":"https:\/\/petityu.com\/en\/wp-json\/wp\/v2\/product\/7420","targetHints":{"allow":["GET"]}}],"collection":[{"href":"https:\/\/petityu.com\/en\/wp-json\/wp\/v2\/product"}],"about":[{"href":"https:\/\/petityu.com\/en\/wp-json\/wp\/v2\/types\/product"}],"wp:featuredmedia":[{"embeddable":true,"href":"https:\/\/petityu.com\/en\/wp-json\/wp\/v2\/media\/7419"}],"wp:attachment":[{"href":"https:\/\/petityu.com\/en\/wp-json\/wp\/v2\/media?parent=7420"}],"wp:term":[{"taxonomy":"product_brand","embeddable":true,"href":"https:\/\/petityu.com\/en\/wp-json\/wp\/v2\/product_brand?post=7420"},{"taxonomy":"product_cat","embeddable":true,"href":"https:\/\/petityu.com\/en\/wp-json\/wp\/v2\/product_cat?post=7420"},{"taxonomy":"product_tag","embeddable":true,"href":"https:\/\/petityu.com\/en\/wp-json\/wp\/v2\/product_tag?post=7420"}],"curies":[{"name":"wp","href":"https:\/\/api.w.org\/{rel}","templated":true}]}}