{"id":7422,"date":"2024-09-19T16:59:19","date_gmt":"2024-09-19T13:59:19","guid":{"rendered":"https:\/\/petityu.com\/kuromi-buyuk-boy-aksesuarli-kiz-cocuk-okul-cantasi\/"},"modified":"2026-04-06T16:21:44","modified_gmt":"2026-04-06T13:21:44","slug":"kuromi-buyuk-boy-aksesuarli-kiz-cocuk-okul-cantasi","status":"publish","type":"product","link":"https:\/\/petityu.com\/en\/kuromi-buyuk-boy-aksesuarli-kiz-cocuk-okul-cantasi\/","title":{"rendered":"Kuromi B\u00fcy\u00fck Boy Aksesuarl\u0131 K\u0131z \u00c7ocuk Okul \u00c7antas\u0131"},"content":{"rendered":"<div ><br \/>\n<ul><br \/>\n<li>B\u00fcy\u00fck kapasiteli kuromi k\u0131z \u00e7ocuk okul \u00e7antas\u0131<\/li><\/ul><br \/>\n<div>&nbsp;<\/div><\/div>","protected":false},"excerpt":{"rendered":"<p>B\u00fcy\u00fck kapasiteli kuromi k\u0131z \u00e7ocuk okul \u00e7antas\u0131 &nbsp;<\/p>","protected":false},"featured_media":7421,"template":"","meta":[],"product_brand":[],"product_cat":[15,909,935],"product_tag":[],"class_list":{"0":"post-7422","1":"product","2":"type-product","3":"status-publish","4":"has-post-thumbnail","6":"product_cat-genel","7":"product_cat-cantaa","8":"product_cat-kizcocuk","10":"first","11":"outofstock","12":"taxable","13":"shipping-taxable","14":"purchasable","15":"product-type-simple"},"_links":{"self":[{"href":"https:\/\/petityu.com\/en\/wp-json\/wp\/v2\/product\/7422","targetHints":{"allow":["GET"]}}],"collection":[{"href":"https:\/\/petityu.com\/en\/wp-json\/wp\/v2\/product"}],"about":[{"href":"https:\/\/petityu.com\/en\/wp-json\/wp\/v2\/types\/product"}],"wp:featuredmedia":[{"embeddable":true,"href":"https:\/\/petityu.com\/en\/wp-json\/wp\/v2\/media\/7421"}],"wp:attachment":[{"href":"https:\/\/petityu.com\/en\/wp-json\/wp\/v2\/media?parent=7422"}],"wp:term":[{"taxonomy":"product_brand","embeddable":true,"href":"https:\/\/petityu.com\/en\/wp-json\/wp\/v2\/product_brand?post=7422"},{"taxonomy":"product_cat","embeddable":true,"href":"https:\/\/petityu.com\/en\/wp-json\/wp\/v2\/product_cat?post=7422"},{"taxonomy":"product_tag","embeddable":true,"href":"https:\/\/petityu.com\/en\/wp-json\/wp\/v2\/product_tag?post=7422"}],"curies":[{"name":"wp","href":"https:\/\/api.w.org\/{rel}","templated":true}]}}