{"id":7424,"date":"2024-09-19T16:59:34","date_gmt":"2024-09-19T13:59:34","guid":{"rendered":"https:\/\/petityu.com\/kuromi-cok-bolmeli-sirin-kiz-cocuk-ilkokul-ortaokul-lise-canta\/"},"modified":"2025-08-21T14:12:52","modified_gmt":"2025-08-21T11:12:52","slug":"kuromi-cok-bolmeli-sirin-kiz-cocuk-ilkokul-ortaokul-lise-canta","status":"publish","type":"product","link":"https:\/\/petityu.com\/en\/kuromi-cok-bolmeli-sirin-kiz-cocuk-ilkokul-ortaokul-lise-canta\/","title":{"rendered":"Kuromi \u00c7ok B\u00f6lmeli \u015eirin K\u0131z \u00c7ocuk \u0130lkokul Ortaokul Lise \u00c7anta"},"content":{"rendered":"<div ><br \/>\n<ul><br \/>\n<li>B\u00fcy\u00fck Boy K\u0131z \u00c7ocuk Kuromi Okul \u00c7antas\u0131 <br><\/li><br \/>\n<li>Mor renk<\/li><\/ul><\/div>","protected":false},"excerpt":{"rendered":"<p>B\u00fcy\u00fck Boy K\u0131z \u00c7ocuk Kuromi Okul \u00c7antas\u0131 Mor renk<\/p>","protected":false},"featured_media":7423,"template":"","meta":[],"product_brand":[],"product_cat":[15,909,935],"product_tag":[],"class_list":{"0":"post-7424","1":"product","2":"type-product","3":"status-publish","4":"has-post-thumbnail","6":"product_cat-genel","7":"product_cat-cantaa","8":"product_cat-kizcocuk","10":"first","11":"instock","12":"taxable","13":"shipping-taxable","14":"purchasable","15":"product-type-simple"},"_links":{"self":[{"href":"https:\/\/petityu.com\/en\/wp-json\/wp\/v2\/product\/7424","targetHints":{"allow":["GET"]}}],"collection":[{"href":"https:\/\/petityu.com\/en\/wp-json\/wp\/v2\/product"}],"about":[{"href":"https:\/\/petityu.com\/en\/wp-json\/wp\/v2\/types\/product"}],"wp:featuredmedia":[{"embeddable":true,"href":"https:\/\/petityu.com\/en\/wp-json\/wp\/v2\/media\/7423"}],"wp:attachment":[{"href":"https:\/\/petityu.com\/en\/wp-json\/wp\/v2\/media?parent=7424"}],"wp:term":[{"taxonomy":"product_brand","embeddable":true,"href":"https:\/\/petityu.com\/en\/wp-json\/wp\/v2\/product_brand?post=7424"},{"taxonomy":"product_cat","embeddable":true,"href":"https:\/\/petityu.com\/en\/wp-json\/wp\/v2\/product_cat?post=7424"},{"taxonomy":"product_tag","embeddable":true,"href":"https:\/\/petityu.com\/en\/wp-json\/wp\/v2\/product_tag?post=7424"}],"curies":[{"name":"wp","href":"https:\/\/api.w.org\/{rel}","templated":true}]}}