{"id":7427,"date":"2024-09-19T17:00:00","date_gmt":"2024-09-19T14:00:00","guid":{"rendered":"https:\/\/petityu.com\/kuromi-520ml-hem-pipetli-hem-genis-agizli-sirin-mor-kiz-cocuk-su-matarasi-suluk\/"},"modified":"2025-08-21T14:25:34","modified_gmt":"2025-08-21T11:25:34","slug":"kuromi-520ml-hem-pipetli-hem-genis-agizli-sirin-mor-kiz-cocuk-su-matarasi-suluk","status":"publish","type":"product","link":"https:\/\/petityu.com\/en\/kuromi-520ml-hem-pipetli-hem-genis-agizli-sirin-mor-kiz-cocuk-su-matarasi-suluk\/","title":{"rendered":"Kuromi 520ml Hem Pipetli Hem Geni\u015f A\u011f\u0131zl\u0131 \u015eirin Mor K\u0131z \u00c7ocuk Su Mataras\u0131 Suluk"},"content":{"rendered":"<div ><br \/>\n<ul><br \/>\n<li>BPA free g\u0131da s\u0131n\u0131f\u0131 plastik \u00e7ocuk su mataras\u0131 <br><\/li><\/ul><br \/>\n<div><br><\/div><\/div>","protected":false},"excerpt":{"rendered":"<p>BPA free g\u0131da s\u0131n\u0131f\u0131 plastik \u00e7ocuk su mataras\u0131<\/p>","protected":false},"featured_media":7425,"template":"","meta":[],"product_brand":[],"product_cat":[15,935,982],"product_tag":[],"class_list":{"0":"post-7427","1":"product","2":"type-product","3":"status-publish","4":"has-post-thumbnail","6":"product_cat-genel","7":"product_cat-kizcocuk","8":"product_cat-matara-termos-suluk","10":"first","11":"outofstock","12":"taxable","13":"shipping-taxable","14":"purchasable","15":"product-type-simple"},"_links":{"self":[{"href":"https:\/\/petityu.com\/en\/wp-json\/wp\/v2\/product\/7427","targetHints":{"allow":["GET"]}}],"collection":[{"href":"https:\/\/petityu.com\/en\/wp-json\/wp\/v2\/product"}],"about":[{"href":"https:\/\/petityu.com\/en\/wp-json\/wp\/v2\/types\/product"}],"wp:featuredmedia":[{"embeddable":true,"href":"https:\/\/petityu.com\/en\/wp-json\/wp\/v2\/media\/7425"}],"wp:attachment":[{"href":"https:\/\/petityu.com\/en\/wp-json\/wp\/v2\/media?parent=7427"}],"wp:term":[{"taxonomy":"product_brand","embeddable":true,"href":"https:\/\/petityu.com\/en\/wp-json\/wp\/v2\/product_brand?post=7427"},{"taxonomy":"product_cat","embeddable":true,"href":"https:\/\/petityu.com\/en\/wp-json\/wp\/v2\/product_cat?post=7427"},{"taxonomy":"product_tag","embeddable":true,"href":"https:\/\/petityu.com\/en\/wp-json\/wp\/v2\/product_tag?post=7427"}],"curies":[{"name":"wp","href":"https:\/\/api.w.org\/{rel}","templated":true}]}}