{"id":7429,"date":"2024-09-19T17:00:19","date_gmt":"2024-09-19T14:00:19","guid":{"rendered":"https:\/\/petityu.com\/my-melody-kalem-kutu-cift-fermuarli-cift-katli-sirin-pembe-kiz-cocuk-kalem-kutu\/"},"modified":"2026-03-30T22:28:57","modified_gmt":"2026-03-30T19:28:57","slug":"my-melody-kalem-kutu-cift-fermuarli-cift-katli-sirin-pembe-kiz-cocuk-kalem-kutu","status":"publish","type":"product","link":"https:\/\/petityu.com\/en\/my-melody-kalem-kutu-cift-fermuarli-cift-katli-sirin-pembe-kiz-cocuk-kalem-kutu\/","title":{"rendered":"My Melody Kalem Kutu \u00c7ift Fermuarl\u0131 \u00c7ift Katl\u0131 \u015eirin Pembe K\u0131z \u00c7ocuk Kalem Kutu"},"content":{"rendered":"<div ><br \/>\n<ul><br \/>\n<li>my melody pembe sert kale kutu <br><\/li><br \/>\n<li>\u00e7ift katman kalem kutu <br><\/li><br \/>\n<li>\u00e7ift fermuarl\u0131 kalem kutu <br><\/li><br \/>\n<li>pembe \u015firin k\u0131z \u00e7ocuk kalem kutu<\/li><\/ul><br \/>\n<div><br><\/div><\/div>","protected":false},"excerpt":{"rendered":"<p>my melody pembe sert kale kutu \u00e7ift katman kalem kutu \u00e7ift fermuarl\u0131 kalem kutu pembe \u015firin k\u0131z \u00e7ocuk kalem kutu<\/p>","protected":false},"featured_media":7428,"template":"","meta":[],"product_brand":[],"product_cat":[15,980,935],"product_tag":[],"class_list":{"0":"post-7429","1":"product","2":"type-product","3":"status-publish","4":"has-post-thumbnail","6":"product_cat-genel","7":"product_cat-kalem-kutusu-kizcocuk","8":"product_cat-kizcocuk","10":"first","11":"outofstock","12":"taxable","13":"shipping-taxable","14":"purchasable","15":"product-type-simple"},"_links":{"self":[{"href":"https:\/\/petityu.com\/en\/wp-json\/wp\/v2\/product\/7429","targetHints":{"allow":["GET"]}}],"collection":[{"href":"https:\/\/petityu.com\/en\/wp-json\/wp\/v2\/product"}],"about":[{"href":"https:\/\/petityu.com\/en\/wp-json\/wp\/v2\/types\/product"}],"wp:featuredmedia":[{"embeddable":true,"href":"https:\/\/petityu.com\/en\/wp-json\/wp\/v2\/media\/7428"}],"wp:attachment":[{"href":"https:\/\/petityu.com\/en\/wp-json\/wp\/v2\/media?parent=7429"}],"wp:term":[{"taxonomy":"product_brand","embeddable":true,"href":"https:\/\/petityu.com\/en\/wp-json\/wp\/v2\/product_brand?post=7429"},{"taxonomy":"product_cat","embeddable":true,"href":"https:\/\/petityu.com\/en\/wp-json\/wp\/v2\/product_cat?post=7429"},{"taxonomy":"product_tag","embeddable":true,"href":"https:\/\/petityu.com\/en\/wp-json\/wp\/v2\/product_tag?post=7429"}],"curies":[{"name":"wp","href":"https:\/\/api.w.org\/{rel}","templated":true}]}}