{"id":7437,"date":"2024-09-19T17:01:26","date_gmt":"2024-09-19T14:01:26","guid":{"rendered":"https:\/\/petityu.com\/erkek-cocuk-okul-sirt-cantasi\/"},"modified":"2026-04-16T17:09:13","modified_gmt":"2026-04-16T14:09:13","slug":"erkek-cocuk-okul-sirt-cantasi","status":"publish","type":"product","link":"https:\/\/petityu.com\/en\/erkek-cocuk-okul-sirt-cantasi\/","title":{"rendered":"Petityu Erkek \u00c7ocuk Game On Okul S\u0131rt \u00c7antas\u0131"},"content":{"rendered":"<div ><ul><li>erkek \u00e7ocuk okul \u00e7antas\u0131 <br><\/li><li>game on erkek s\u0131rt \u00e7antas\u0131 <br><\/li><li>Smiggle erkek okul \u00e7antas\u0131&nbsp;<\/li><\/ul><div><br><\/div><\/div>","protected":false},"excerpt":{"rendered":"<p>erkek \u00e7ocuk okul \u00e7antas\u0131 game on erkek s\u0131rt \u00e7antas\u0131 Smiggle erkek okul \u00e7antas\u0131&nbsp;<\/p>","protected":false},"featured_media":7434,"template":"","meta":[],"product_brand":[],"product_cat":[998,936,15],"product_tag":[],"class_list":{"0":"post-7437","1":"product","2":"type-product","3":"status-publish","4":"has-post-thumbnail","6":"product_cat-canta","7":"product_cat-erkekcocuk","8":"product_cat-genel","10":"first","11":"instock","12":"taxable","13":"shipping-taxable","14":"purchasable","15":"product-type-simple"},"_links":{"self":[{"href":"https:\/\/petityu.com\/en\/wp-json\/wp\/v2\/product\/7437","targetHints":{"allow":["GET"]}}],"collection":[{"href":"https:\/\/petityu.com\/en\/wp-json\/wp\/v2\/product"}],"about":[{"href":"https:\/\/petityu.com\/en\/wp-json\/wp\/v2\/types\/product"}],"wp:featuredmedia":[{"embeddable":true,"href":"https:\/\/petityu.com\/en\/wp-json\/wp\/v2\/media\/7434"}],"wp:attachment":[{"href":"https:\/\/petityu.com\/en\/wp-json\/wp\/v2\/media?parent=7437"}],"wp:term":[{"taxonomy":"product_brand","embeddable":true,"href":"https:\/\/petityu.com\/en\/wp-json\/wp\/v2\/product_brand?post=7437"},{"taxonomy":"product_cat","embeddable":true,"href":"https:\/\/petityu.com\/en\/wp-json\/wp\/v2\/product_cat?post=7437"},{"taxonomy":"product_tag","embeddable":true,"href":"https:\/\/petityu.com\/en\/wp-json\/wp\/v2\/product_tag?post=7437"}],"curies":[{"name":"wp","href":"https:\/\/api.w.org\/{rel}","templated":true}]}}