{"id":7443,"date":"2024-09-19T17:02:24","date_gmt":"2024-09-19T14:02:24","guid":{"rendered":"https:\/\/petityu.com\/smiggle-astronot-sirt-cantasi-ilokul-ortaokul-lise-okul-cantasi\/"},"modified":"2026-01-20T13:26:23","modified_gmt":"2026-01-20T10:26:23","slug":"smiggle-astronot-sirt-cantasi-ilokul-ortaokul-lise-okul-cantasi","status":"publish","type":"product","link":"https:\/\/petityu.com\/en\/smiggle-astronot-sirt-cantasi-ilokul-ortaokul-lise-okul-cantasi\/","title":{"rendered":"Smiggle Astronot S\u0131rt \u00c7antas\u0131 \u0130lkokul Ortaokul Lise Okul \u00c7antas\u0131"},"content":{"rendered":"<div ><br \/>\n<ul><br \/>\n<li>Smiggle b\u00fcy\u00fck astronot okul s\u0131rt \u00e7antas\u0131&nbsp;<\/li><\/ul><br \/>\n<div>&nbsp;<\/div><\/div>","protected":false},"excerpt":{"rendered":"<p>Smiggle b\u00fcy\u00fck astronot okul s\u0131rt \u00e7antas\u0131&nbsp; &nbsp;<\/p>","protected":false},"featured_media":7438,"template":"","meta":[],"product_brand":[],"product_cat":[15,998,936],"product_tag":[],"class_list":{"0":"post-7443","1":"product","2":"type-product","3":"status-publish","4":"has-post-thumbnail","6":"product_cat-genel","7":"product_cat-canta","8":"product_cat-erkekcocuk","10":"first","11":"outofstock","12":"taxable","13":"shipping-taxable","14":"purchasable","15":"product-type-simple"},"_links":{"self":[{"href":"https:\/\/petityu.com\/en\/wp-json\/wp\/v2\/product\/7443","targetHints":{"allow":["GET"]}}],"collection":[{"href":"https:\/\/petityu.com\/en\/wp-json\/wp\/v2\/product"}],"about":[{"href":"https:\/\/petityu.com\/en\/wp-json\/wp\/v2\/types\/product"}],"wp:featuredmedia":[{"embeddable":true,"href":"https:\/\/petityu.com\/en\/wp-json\/wp\/v2\/media\/7438"}],"wp:attachment":[{"href":"https:\/\/petityu.com\/en\/wp-json\/wp\/v2\/media?parent=7443"}],"wp:term":[{"taxonomy":"product_brand","embeddable":true,"href":"https:\/\/petityu.com\/en\/wp-json\/wp\/v2\/product_brand?post=7443"},{"taxonomy":"product_cat","embeddable":true,"href":"https:\/\/petityu.com\/en\/wp-json\/wp\/v2\/product_cat?post=7443"},{"taxonomy":"product_tag","embeddable":true,"href":"https:\/\/petityu.com\/en\/wp-json\/wp\/v2\/product_tag?post=7443"}],"curies":[{"name":"wp","href":"https:\/\/api.w.org\/{rel}","templated":true}]}}