{"id":7445,"date":"2024-09-19T17:02:39","date_gmt":"2024-09-19T14:02:39","guid":{"rendered":"https:\/\/petityu.com\/smiggle-futbol-gold-sirt-cantasierkek-cocuk-futbol-toplu-okul-cantasi\/"},"modified":"2025-09-11T20:13:49","modified_gmt":"2025-09-11T17:13:49","slug":"smiggle-futbol-gold-sirt-cantasierkek-cocuk-futbol-toplu-okul-cantasi","status":"publish","type":"product","link":"https:\/\/petityu.com\/en\/smiggle-futbol-gold-sirt-cantasierkek-cocuk-futbol-toplu-okul-cantasi\/","title":{"rendered":"Smiggle Futbol Gold S\u0131rt \u00c7antas\u0131 Erkek \u00c7ocuk Futbol Toplu Okul \u00c7antas\u0131"},"content":{"rendered":"<div ><br \/>\n<ul><br \/>\n<li>erkek \u00e7ocuk okul \u00e7antas\u0131<\/li><br \/>\n<li>b\u00fcy\u00fck boy s\u0131rt \u00e7antas\u0131<\/li><br \/>\n<li>Fotbol toplu s\u0131rt \u00e7antas\u0131<\/li><br \/>\n<li>Smiggle toplu \u00e7anta<\/li><\/ul><br \/>\n<div>&nbsp;<\/div><\/div>","protected":false},"excerpt":{"rendered":"<p>erkek \u00e7ocuk okul \u00e7antas\u0131 b\u00fcy\u00fck boy s\u0131rt \u00e7antas\u0131 Fotbol toplu s\u0131rt \u00e7antas\u0131 Smiggle toplu \u00e7anta &nbsp;<\/p>","protected":false},"featured_media":7444,"template":"","meta":[],"product_brand":[],"product_cat":[15,998,936],"product_tag":[],"class_list":{"0":"post-7445","1":"product","2":"type-product","3":"status-publish","4":"has-post-thumbnail","6":"product_cat-genel","7":"product_cat-canta","8":"product_cat-erkekcocuk","10":"first","11":"outofstock","12":"taxable","13":"shipping-taxable","14":"purchasable","15":"product-type-simple"},"_links":{"self":[{"href":"https:\/\/petityu.com\/en\/wp-json\/wp\/v2\/product\/7445","targetHints":{"allow":["GET"]}}],"collection":[{"href":"https:\/\/petityu.com\/en\/wp-json\/wp\/v2\/product"}],"about":[{"href":"https:\/\/petityu.com\/en\/wp-json\/wp\/v2\/types\/product"}],"wp:featuredmedia":[{"embeddable":true,"href":"https:\/\/petityu.com\/en\/wp-json\/wp\/v2\/media\/7444"}],"wp:attachment":[{"href":"https:\/\/petityu.com\/en\/wp-json\/wp\/v2\/media?parent=7445"}],"wp:term":[{"taxonomy":"product_brand","embeddable":true,"href":"https:\/\/petityu.com\/en\/wp-json\/wp\/v2\/product_brand?post=7445"},{"taxonomy":"product_cat","embeddable":true,"href":"https:\/\/petityu.com\/en\/wp-json\/wp\/v2\/product_cat?post=7445"},{"taxonomy":"product_tag","embeddable":true,"href":"https:\/\/petityu.com\/en\/wp-json\/wp\/v2\/product_tag?post=7445"}],"curies":[{"name":"wp","href":"https:\/\/api.w.org\/{rel}","templated":true}]}}