{"id":7449,"date":"2024-09-19T17:03:10","date_gmt":"2024-09-19T14:03:10","guid":{"rendered":"https:\/\/petityu.com\/pamuk-astar-cicek-kelebek-nakisli-sirin-yazlik-sac-bantli-kiz-cocuk-dogumgunu-elbisesi-yesil\/"},"modified":"2026-04-17T16:15:54","modified_gmt":"2026-04-17T13:15:54","slug":"pamuk-astar-cicek-kelebek-nakisli-sirin-yazlik-sac-bantli-kiz-cocuk-dogumgunu-elbisesi-yesil","status":"publish","type":"product","link":"https:\/\/petityu.com\/en\/pamuk-astar-cicek-kelebek-nakisli-sirin-yazlik-sac-bantli-kiz-cocuk-dogumgunu-elbisesi-yesil\/","title":{"rendered":"Petityu Pamuk Astar \u00c7i\u00e7ek Kelebek Nak\u0131\u015fl\u0131 \u015eirin Yazl\u0131k Sa\u00e7 Bantl\u0131 K\u0131z \u00c7ocuk Do\u011fumg\u00fcn\u00fc Elbisesi Ye\u015fil"},"content":{"rendered":"<div ><ul><li>k\u0131z \u00e7ocuk yazl\u0131k ask\u0131l\u0131 do\u011fumg\u00fcn\u00fc elbisesi<\/li><li>\u00e7i\u00e7ek kelebek nak\u0131\u015fl\u0131&nbsp;<\/li><li>pamuk astarl\u0131 elbise<\/li><\/ul><div>&nbsp;<\/div><\/div>","protected":false},"excerpt":{"rendered":"<p>k\u0131z \u00e7ocuk yazl\u0131k ask\u0131l\u0131 do\u011fumg\u00fcn\u00fc elbisesi\u00e7i\u00e7ek kelebek nak\u0131\u015fl\u0131&nbsp;pamuk astarl\u0131 elbise&nbsp;<\/p>","protected":false},"featured_media":7448,"template":"","meta":[],"product_brand":[],"product_cat":[15,972,935],"product_tag":[],"class_list":{"0":"post-7449","1":"product","2":"type-product","3":"status-publish","4":"has-post-thumbnail","6":"product_cat-genel","7":"product_cat-elbise","8":"product_cat-kizcocuk","10":"first","11":"outofstock","12":"taxable","13":"shipping-taxable","14":"purchasable","15":"product-type-variable"},"_links":{"self":[{"href":"https:\/\/petityu.com\/en\/wp-json\/wp\/v2\/product\/7449","targetHints":{"allow":["GET"]}}],"collection":[{"href":"https:\/\/petityu.com\/en\/wp-json\/wp\/v2\/product"}],"about":[{"href":"https:\/\/petityu.com\/en\/wp-json\/wp\/v2\/types\/product"}],"wp:featuredmedia":[{"embeddable":true,"href":"https:\/\/petityu.com\/en\/wp-json\/wp\/v2\/media\/7448"}],"wp:attachment":[{"href":"https:\/\/petityu.com\/en\/wp-json\/wp\/v2\/media?parent=7449"}],"wp:term":[{"taxonomy":"product_brand","embeddable":true,"href":"https:\/\/petityu.com\/en\/wp-json\/wp\/v2\/product_brand?post=7449"},{"taxonomy":"product_cat","embeddable":true,"href":"https:\/\/petityu.com\/en\/wp-json\/wp\/v2\/product_cat?post=7449"},{"taxonomy":"product_tag","embeddable":true,"href":"https:\/\/petityu.com\/en\/wp-json\/wp\/v2\/product_tag?post=7449"}],"curies":[{"name":"wp","href":"https:\/\/api.w.org\/{rel}","templated":true}]}}