{"id":7451,"date":"2024-09-19T17:03:26","date_gmt":"2024-09-19T14:03:26","guid":{"rendered":"https:\/\/petityu.com\/smiggle-mavi-dinazor-mini-anaokulu-sirt-cantasi\/"},"modified":"2025-09-02T15:29:35","modified_gmt":"2025-09-02T12:29:35","slug":"smiggle-mavi-dinazor-mini-anaokulu-sirt-cantasi","status":"publish","type":"product","link":"https:\/\/petityu.com\/en\/smiggle-mavi-dinazor-mini-anaokulu-sirt-cantasi\/","title":{"rendered":"Smiggle Mavi Dinazor Mini Anaokulu S\u0131rt \u00c7antas\u0131"},"content":{"rendered":"<div ><br \/>\n<ul><br \/>\n<li>mavi smiggle dinazor \u00e7anta <br><\/li><br \/>\n<li>anaokulu s\u0131rt \u00e7antas\u0131&nbsp;<\/li><\/ul><br \/>\n<div><br><\/div><\/div>","protected":false},"excerpt":{"rendered":"<p>mavi smiggle dinazor \u00e7anta anaokulu s\u0131rt \u00e7antas\u0131&nbsp;<\/p>","protected":false},"featured_media":7450,"template":"","meta":[],"product_brand":[],"product_cat":[15,998,936],"product_tag":[],"class_list":{"0":"post-7451","1":"product","2":"type-product","3":"status-publish","4":"has-post-thumbnail","6":"product_cat-genel","7":"product_cat-canta","8":"product_cat-erkekcocuk","10":"first","11":"outofstock","12":"taxable","13":"shipping-taxable","14":"purchasable","15":"product-type-simple"},"_links":{"self":[{"href":"https:\/\/petityu.com\/en\/wp-json\/wp\/v2\/product\/7451","targetHints":{"allow":["GET"]}}],"collection":[{"href":"https:\/\/petityu.com\/en\/wp-json\/wp\/v2\/product"}],"about":[{"href":"https:\/\/petityu.com\/en\/wp-json\/wp\/v2\/types\/product"}],"wp:featuredmedia":[{"embeddable":true,"href":"https:\/\/petityu.com\/en\/wp-json\/wp\/v2\/media\/7450"}],"wp:attachment":[{"href":"https:\/\/petityu.com\/en\/wp-json\/wp\/v2\/media?parent=7451"}],"wp:term":[{"taxonomy":"product_brand","embeddable":true,"href":"https:\/\/petityu.com\/en\/wp-json\/wp\/v2\/product_brand?post=7451"},{"taxonomy":"product_cat","embeddable":true,"href":"https:\/\/petityu.com\/en\/wp-json\/wp\/v2\/product_cat?post=7451"},{"taxonomy":"product_tag","embeddable":true,"href":"https:\/\/petityu.com\/en\/wp-json\/wp\/v2\/product_tag?post=7451"}],"curies":[{"name":"wp","href":"https:\/\/api.w.org\/{rel}","templated":true}]}}