{"id":7453,"date":"2024-09-19T17:03:43","date_gmt":"2024-09-19T14:03:43","guid":{"rendered":"https:\/\/petityu.com\/sanrio-hello-kitty-cocuk-canta-anaokulu-sirt-cantasi-sirin-pembe-cocuk-sirt-cantasi\/"},"modified":"2025-09-08T01:38:04","modified_gmt":"2025-09-07T22:38:04","slug":"sanrio-hello-kitty-cocuk-canta-anaokulu-sirt-cantasi-sirin-pembe-cocuk-sirt-cantasi","status":"publish","type":"product","link":"https:\/\/petityu.com\/en\/sanrio-hello-kitty-cocuk-canta-anaokulu-sirt-cantasi-sirin-pembe-cocuk-sirt-cantasi\/","title":{"rendered":"Sanrio Hello Kitty \u00e7ocuk \u00e7anta anaokulu s\u0131rt \u00e7antas\u0131 \u015firin pembe \u00e7ocuk s\u0131rt \u00e7antas\u0131"},"content":{"rendered":"<div>\n<ul>\n<li>anaokulu s\u0131rt &ccedil;antas\u0131<\/li>\n<li>\u015firin s\u0131rt &ccedil;antas\u0131<\/li>\n<li>k\u0131z &ccedil;ocuk anaokulu &ccedil;anta<\/li>\n<li>my melody s\u0131rt cantas\u0131<\/li>\n<\/ul>\n<div>&nbsp;<\/div>\n<\/div>","protected":false},"excerpt":{"rendered":"<p>anaokulu s\u0131rt &ccedil;antas\u0131 \u015firin s\u0131rt &ccedil;antas\u0131 k\u0131z &ccedil;ocuk anaokulu &ccedil;anta my melody s\u0131rt cantas\u0131 &nbsp;<\/p>","protected":false},"featured_media":7452,"template":"","meta":[],"product_brand":[],"product_cat":[909,15,935],"product_tag":[],"class_list":{"0":"post-7453","1":"product","2":"type-product","3":"status-publish","4":"has-post-thumbnail","6":"product_cat-cantaa","7":"product_cat-genel","8":"product_cat-kizcocuk","10":"first","11":"instock","12":"taxable","13":"shipping-taxable","14":"purchasable","15":"product-type-simple"},"_links":{"self":[{"href":"https:\/\/petityu.com\/en\/wp-json\/wp\/v2\/product\/7453","targetHints":{"allow":["GET"]}}],"collection":[{"href":"https:\/\/petityu.com\/en\/wp-json\/wp\/v2\/product"}],"about":[{"href":"https:\/\/petityu.com\/en\/wp-json\/wp\/v2\/types\/product"}],"wp:featuredmedia":[{"embeddable":true,"href":"https:\/\/petityu.com\/en\/wp-json\/wp\/v2\/media\/7452"}],"wp:attachment":[{"href":"https:\/\/petityu.com\/en\/wp-json\/wp\/v2\/media?parent=7453"}],"wp:term":[{"taxonomy":"product_brand","embeddable":true,"href":"https:\/\/petityu.com\/en\/wp-json\/wp\/v2\/product_brand?post=7453"},{"taxonomy":"product_cat","embeddable":true,"href":"https:\/\/petityu.com\/en\/wp-json\/wp\/v2\/product_cat?post=7453"},{"taxonomy":"product_tag","embeddable":true,"href":"https:\/\/petityu.com\/en\/wp-json\/wp\/v2\/product_tag?post=7453"}],"curies":[{"name":"wp","href":"https:\/\/api.w.org\/{rel}","templated":true}]}}