{"id":7455,"date":"2024-09-19T17:03:55","date_gmt":"2024-09-19T14:03:55","guid":{"rendered":"https:\/\/petityu.com\/0-2-yas-bebek-gozluk-uv400-koruma-tpee-polarize-bebek-kiz-erkek-esnek-gunes-gozlugu-beyaz\/"},"modified":"2026-04-21T13:15:53","modified_gmt":"2026-04-21T10:15:53","slug":"0-2-yas-bebek-gozluk-uv400-koruma-tpee-polarize-bebek-kiz-erkek-esnek-gunes-gozlugu-beyaz","status":"publish","type":"product","link":"https:\/\/petityu.com\/en\/0-2-yas-bebek-gozluk-uv400-koruma-tpee-polarize-bebek-kiz-erkek-esnek-gunes-gozlugu-beyaz\/","title":{"rendered":"0-2 Ya\u015f Bebek G\u00f6zl\u00fck Uv400 Koruma Tpee Polarize Bebek K\u0131z Erkek Esnek G\u00fcne\u015f G\u00f6zl\u00fc\u011f\u00fc beyaz"},"content":{"rendered":"<div ><ul><li>Elastik k\u0131r\u0131lmaz&nbsp; <br><\/li><li>lastik \u00e7\u0131kar\u0131labilir bantl\u0131 <br><\/li><li>0-24 ay g\u00fcne\u015f g\u00f6zl\u00fc\u011f\u00fc<\/li><\/ul><div><br><\/div><\/div>","protected":false},"excerpt":{"rendered":"<p>Elastik k\u0131r\u0131lmaz&nbsp; lastik \u00e7\u0131kar\u0131labilir bantl\u0131 0-24 ay g\u00fcne\u015f g\u00f6zl\u00fc\u011f\u00fc<\/p>","protected":false},"featured_media":7454,"template":"","meta":[],"product_brand":[],"product_cat":[15,936,979,993,935],"product_tag":[],"class_list":{"0":"post-7455","1":"product","2":"type-product","3":"status-publish","4":"has-post-thumbnail","6":"product_cat-genel","7":"product_cat-erkekcocuk","8":"product_cat-gunes-gozlugu","9":"product_cat-gunes-gozlugu-erkekcocuk","10":"product_cat-kizcocuk","12":"first","13":"instock","14":"taxable","15":"shipping-taxable","16":"purchasable","17":"product-type-simple"},"_links":{"self":[{"href":"https:\/\/petityu.com\/en\/wp-json\/wp\/v2\/product\/7455","targetHints":{"allow":["GET"]}}],"collection":[{"href":"https:\/\/petityu.com\/en\/wp-json\/wp\/v2\/product"}],"about":[{"href":"https:\/\/petityu.com\/en\/wp-json\/wp\/v2\/types\/product"}],"wp:featuredmedia":[{"embeddable":true,"href":"https:\/\/petityu.com\/en\/wp-json\/wp\/v2\/media\/7454"}],"wp:attachment":[{"href":"https:\/\/petityu.com\/en\/wp-json\/wp\/v2\/media?parent=7455"}],"wp:term":[{"taxonomy":"product_brand","embeddable":true,"href":"https:\/\/petityu.com\/en\/wp-json\/wp\/v2\/product_brand?post=7455"},{"taxonomy":"product_cat","embeddable":true,"href":"https:\/\/petityu.com\/en\/wp-json\/wp\/v2\/product_cat?post=7455"},{"taxonomy":"product_tag","embeddable":true,"href":"https:\/\/petityu.com\/en\/wp-json\/wp\/v2\/product_tag?post=7455"}],"curies":[{"name":"wp","href":"https:\/\/api.w.org\/{rel}","templated":true}]}}