{"id":7457,"date":"2024-09-19T17:04:04","date_gmt":"2024-09-19T14:04:04","guid":{"rendered":"https:\/\/petityu.com\/upf50-ucuk-mavi-kopekbaligi-kafa-capindan-ve-boyundan-ayarlanabilir-sapka\/"},"modified":"2026-03-27T15:17:31","modified_gmt":"2026-03-27T12:17:31","slug":"upf50-ucuk-mavi-kopekbaligi-kafa-capindan-ve-boyundan-ayarlanabilir-sapka","status":"publish","type":"product","link":"https:\/\/petityu.com\/en\/upf50-ucuk-mavi-kopekbaligi-kafa-capindan-ve-boyundan-ayarlanabilir-sapka\/","title":{"rendered":"UPF50+ U\u00e7uk Mavi K\u00f6pekbal\u0131\u011f\u0131 Kafa \u00c7ap\u0131ndan Ve Boyundan Ayarlanabilir \u015eapka"},"content":{"rendered":"<div >UPF50+ g\u00fcne\u015f korumal\u0131 \u015fapka<\/div><br \/>\n<div>boyundan ve kafa \u00e7ap\u0131ndan ayarlanabilir \u00e7ocuk \u015fapka<\/div>","protected":false},"excerpt":{"rendered":"<p>UPF50+ g\u00fcne\u015f korumal\u0131 \u015fapka boyundan ve kafa \u00e7ap\u0131ndan ayarlanabilir \u00e7ocuk \u015fapka<\/p>","protected":false},"featured_media":7456,"template":"","meta":[],"product_brand":[],"product_cat":[15,936,996],"product_tag":[],"class_list":{"0":"post-7457","1":"product","2":"type-product","3":"status-publish","4":"has-post-thumbnail","6":"product_cat-genel","7":"product_cat-erkekcocuk","8":"product_cat-sapka-erkekcocuk","10":"first","11":"instock","12":"taxable","13":"shipping-taxable","14":"purchasable","15":"product-type-variable"},"_links":{"self":[{"href":"https:\/\/petityu.com\/en\/wp-json\/wp\/v2\/product\/7457","targetHints":{"allow":["GET"]}}],"collection":[{"href":"https:\/\/petityu.com\/en\/wp-json\/wp\/v2\/product"}],"about":[{"href":"https:\/\/petityu.com\/en\/wp-json\/wp\/v2\/types\/product"}],"wp:featuredmedia":[{"embeddable":true,"href":"https:\/\/petityu.com\/en\/wp-json\/wp\/v2\/media\/7456"}],"wp:attachment":[{"href":"https:\/\/petityu.com\/en\/wp-json\/wp\/v2\/media?parent=7457"}],"wp:term":[{"taxonomy":"product_brand","embeddable":true,"href":"https:\/\/petityu.com\/en\/wp-json\/wp\/v2\/product_brand?post=7457"},{"taxonomy":"product_cat","embeddable":true,"href":"https:\/\/petityu.com\/en\/wp-json\/wp\/v2\/product_cat?post=7457"},{"taxonomy":"product_tag","embeddable":true,"href":"https:\/\/petityu.com\/en\/wp-json\/wp\/v2\/product_tag?post=7457"}],"curies":[{"name":"wp","href":"https:\/\/api.w.org\/{rel}","templated":true}]}}