{"id":7463,"date":"2024-09-19T17:04:36","date_gmt":"2024-09-19T14:04:36","guid":{"rendered":"https:\/\/petityu.com\/6-36-ay-polarize-cam-elastik-bebek-gunes-gozlugu-kirilmaz-vizon\/"},"modified":"2026-04-21T13:16:28","modified_gmt":"2026-04-21T10:16:28","slug":"6-36-ay-polarize-cam-elastik-bebek-gunes-gozlugu-kirilmaz-vizon","status":"publish","type":"product","link":"https:\/\/petityu.com\/en\/6-36-ay-polarize-cam-elastik-bebek-gunes-gozlugu-kirilmaz-vizon\/","title":{"rendered":"6-36 Ay Polarize Cam Elast\u0131k Bebek G\u00fcne\u015f G\u00f6zl\u00fc\u011f\u00fc -k\u0131r\u0131lmaz Vizon"},"content":{"rendered":"<p>6-36 AY KIRILMAZ ELAST\u0130K Uv400 G\u00dcNE\u015e KORUMALI POLARIZE CAM BEBEK G\u00dcNE\u015e G\u00d6ZL\u00dc\u011e\u00dc BANT HED\u0130YE YOLLANMAKTADIR.<\/p>","protected":false},"excerpt":{"rendered":"<p>6-36 AY KIRILMAZ ELAST\u0130K Uv400 G\u00dcNE\u015e KORUMALI POLARIZE CAM BEBEK G\u00dcNE\u015e G\u00d6ZL\u00dc\u011e\u00dc BANT HED\u0130YE YOLLANMAKTADIR.<\/p>","protected":false},"featured_media":7461,"template":"","meta":[],"product_brand":[],"product_cat":[936,15,979,993,935],"product_tag":[],"class_list":{"0":"post-7463","1":"product","2":"type-product","3":"status-publish","4":"has-post-thumbnail","6":"product_cat-erkekcocuk","7":"product_cat-genel","8":"product_cat-gunes-gozlugu","9":"product_cat-gunes-gozlugu-erkekcocuk","10":"product_cat-kizcocuk","12":"first","13":"instock","14":"taxable","15":"shipping-taxable","16":"purchasable","17":"product-type-simple"},"_links":{"self":[{"href":"https:\/\/petityu.com\/en\/wp-json\/wp\/v2\/product\/7463","targetHints":{"allow":["GET"]}}],"collection":[{"href":"https:\/\/petityu.com\/en\/wp-json\/wp\/v2\/product"}],"about":[{"href":"https:\/\/petityu.com\/en\/wp-json\/wp\/v2\/types\/product"}],"wp:featuredmedia":[{"embeddable":true,"href":"https:\/\/petityu.com\/en\/wp-json\/wp\/v2\/media\/7461"}],"wp:attachment":[{"href":"https:\/\/petityu.com\/en\/wp-json\/wp\/v2\/media?parent=7463"}],"wp:term":[{"taxonomy":"product_brand","embeddable":true,"href":"https:\/\/petityu.com\/en\/wp-json\/wp\/v2\/product_brand?post=7463"},{"taxonomy":"product_cat","embeddable":true,"href":"https:\/\/petityu.com\/en\/wp-json\/wp\/v2\/product_cat?post=7463"},{"taxonomy":"product_tag","embeddable":true,"href":"https:\/\/petityu.com\/en\/wp-json\/wp\/v2\/product_tag?post=7463"}],"curies":[{"name":"wp","href":"https:\/\/api.w.org\/{rel}","templated":true}]}}