{"id":7467,"date":"2024-09-19T17:04:55","date_gmt":"2024-09-19T14:04:55","guid":{"rendered":"https:\/\/petityu.com\/upf50-gunes-korumali-uzun-kollu-snorkelli-penguen-mayo-3lu-set\/"},"modified":"2026-03-10T15:57:33","modified_gmt":"2026-03-10T12:57:33","slug":"upf50-gunes-korumali-uzun-kollu-snorkelli-penguen-mayo-3lu-set","status":"publish","type":"product","link":"https:\/\/petityu.com\/en\/upf50-gunes-korumali-uzun-kollu-snorkelli-penguen-mayo-3lu-set\/","title":{"rendered":"UPF50+ G\u00fcne\u015f Korumal\u0131 Uzun Kollu Snorkelli Penguen Mayo 3&#8217;l\u00fc Set"},"content":{"rendered":"<p><p>UPF g\u00fcne\u015f korumal\u0131 erkek \u00e7ocuk mayo \u015firin erkek mayo erkek \u00e7ocuk mayo set \u015fapkal\u0131 mayo seti<\/p><\/p>","protected":false},"excerpt":{"rendered":"<p>UPF g\u00fcne\u015f korumal\u0131 erkek \u00e7ocuk mayo \u015firin erkek mayo erkek \u00e7ocuk mayo set \u015fapkal\u0131 mayo seti<\/p>","protected":false},"featured_media":7466,"template":"","meta":[],"product_brand":[],"product_cat":[15,936,987],"product_tag":[],"class_list":{"0":"post-7467","1":"product","2":"type-product","3":"status-publish","4":"has-post-thumbnail","6":"product_cat-genel","7":"product_cat-erkekcocuk","8":"product_cat-mayo-erkekcocuk","10":"first","11":"instock","12":"taxable","13":"shipping-taxable","14":"purchasable","15":"product-type-variable"},"_links":{"self":[{"href":"https:\/\/petityu.com\/en\/wp-json\/wp\/v2\/product\/7467","targetHints":{"allow":["GET"]}}],"collection":[{"href":"https:\/\/petityu.com\/en\/wp-json\/wp\/v2\/product"}],"about":[{"href":"https:\/\/petityu.com\/en\/wp-json\/wp\/v2\/types\/product"}],"wp:featuredmedia":[{"embeddable":true,"href":"https:\/\/petityu.com\/en\/wp-json\/wp\/v2\/media\/7466"}],"wp:attachment":[{"href":"https:\/\/petityu.com\/en\/wp-json\/wp\/v2\/media?parent=7467"}],"wp:term":[{"taxonomy":"product_brand","embeddable":true,"href":"https:\/\/petityu.com\/en\/wp-json\/wp\/v2\/product_brand?post=7467"},{"taxonomy":"product_cat","embeddable":true,"href":"https:\/\/petityu.com\/en\/wp-json\/wp\/v2\/product_cat?post=7467"},{"taxonomy":"product_tag","embeddable":true,"href":"https:\/\/petityu.com\/en\/wp-json\/wp\/v2\/product_tag?post=7467"}],"curies":[{"name":"wp","href":"https:\/\/api.w.org\/{rel}","templated":true}]}}