{"id":7471,"date":"2024-09-19T17:05:15","date_gmt":"2024-09-19T14:05:15","guid":{"rendered":"https:\/\/petityu.com\/upf50-gunes-korumali-sort-t-shirt-sapka-mayo-set-neon-yesil-laci-shark\/"},"modified":"2026-04-18T22:34:45","modified_gmt":"2026-04-18T19:34:45","slug":"upf50-gunes-korumali-sort-t-shirt-sapka-mayo-set-neon-yesil-laci-shark","status":"publish","type":"product","link":"https:\/\/petityu.com\/en\/upf50-gunes-korumali-sort-t-shirt-sapka-mayo-set-neon-yesil-laci-shark\/","title":{"rendered":"upf50+ g\u00fcne\u015f korumal\u0131 \u015fort t-shirt \u015fapka mayo set neon ye\u015fil laci shark"},"content":{"rendered":"<p>Petityu upf50+ g&uuml;ne\u015f korumal\u0131 \u015fort t-shirt \u015fapka mayo set neon ye\u015fil laci shark<\/p>\n<p>3 Ya\u015f<\/p>","protected":false},"excerpt":{"rendered":"<p>Petityu upf50+ g&uuml;ne\u015f korumal\u0131 \u015fort t-shirt \u015fapka mayo set neon ye\u015fil laci shark 3 Ya\u015f<\/p>","protected":false},"featured_media":7470,"template":"","meta":[],"product_brand":[],"product_cat":[15,936,987],"product_tag":[],"class_list":{"0":"post-7471","1":"product","2":"type-product","3":"status-publish","4":"has-post-thumbnail","6":"product_cat-genel","7":"product_cat-erkekcocuk","8":"product_cat-mayo-erkekcocuk","10":"first","11":"instock","12":"taxable","13":"shipping-taxable","14":"purchasable","15":"product-type-variable"},"_links":{"self":[{"href":"https:\/\/petityu.com\/en\/wp-json\/wp\/v2\/product\/7471","targetHints":{"allow":["GET"]}}],"collection":[{"href":"https:\/\/petityu.com\/en\/wp-json\/wp\/v2\/product"}],"about":[{"href":"https:\/\/petityu.com\/en\/wp-json\/wp\/v2\/types\/product"}],"wp:featuredmedia":[{"embeddable":true,"href":"https:\/\/petityu.com\/en\/wp-json\/wp\/v2\/media\/7470"}],"wp:attachment":[{"href":"https:\/\/petityu.com\/en\/wp-json\/wp\/v2\/media?parent=7471"}],"wp:term":[{"taxonomy":"product_brand","embeddable":true,"href":"https:\/\/petityu.com\/en\/wp-json\/wp\/v2\/product_brand?post=7471"},{"taxonomy":"product_cat","embeddable":true,"href":"https:\/\/petityu.com\/en\/wp-json\/wp\/v2\/product_cat?post=7471"},{"taxonomy":"product_tag","embeddable":true,"href":"https:\/\/petityu.com\/en\/wp-json\/wp\/v2\/product_tag?post=7471"}],"curies":[{"name":"wp","href":"https:\/\/api.w.org\/{rel}","templated":true}]}}