{"id":7473,"date":"2024-09-19T17:05:25","date_gmt":"2024-09-19T14:05:25","guid":{"rendered":"https:\/\/petityu.com\/upf50-gunes-korumali-yengec-desenli-turuncu-mavi-beyaz-sort-tshirt-sapka-mayo-seti\/"},"modified":"2026-04-19T00:50:19","modified_gmt":"2026-04-18T21:50:19","slug":"upf50-gunes-korumali-yengec-desenli-turuncu-mavi-beyaz-sort-tshirt-sapka-mayo-seti","status":"publish","type":"product","link":"https:\/\/petityu.com\/en\/upf50-gunes-korumali-yengec-desenli-turuncu-mavi-beyaz-sort-tshirt-sapka-mayo-seti\/","title":{"rendered":"UPF50+ G\u00fcne\u015f Korumal\u0131 Yenge\u00e7 Desenli Turuncu Mavi Beyaz \u015eort T-shirt \u015eapka Mayo Seti"},"content":{"rendered":"<p>Petityu UPF50+ g&uuml;ne\u015f korumal\u0131 yenge&ccedil; desenli turuncu mavi beyaz \u015fort tshirt \u015fapka mayo seti 3 boyut \u015fapka<\/p>\n<p>&nbsp;<\/p>","protected":false},"excerpt":{"rendered":"<p>Petityu UPF50+ g&uuml;ne\u015f korumal\u0131 yenge&ccedil; desenli turuncu mavi beyaz \u015fort tshirt \u015fapka mayo seti 3 boyut \u015fapka &nbsp;<\/p>","protected":false},"featured_media":7472,"template":"","meta":[],"product_brand":[],"product_cat":[15,936,987],"product_tag":[],"class_list":{"0":"post-7473","1":"product","2":"type-product","3":"status-publish","4":"has-post-thumbnail","6":"product_cat-genel","7":"product_cat-erkekcocuk","8":"product_cat-mayo-erkekcocuk","10":"first","11":"instock","12":"taxable","13":"shipping-taxable","14":"purchasable","15":"product-type-variable"},"_links":{"self":[{"href":"https:\/\/petityu.com\/en\/wp-json\/wp\/v2\/product\/7473","targetHints":{"allow":["GET"]}}],"collection":[{"href":"https:\/\/petityu.com\/en\/wp-json\/wp\/v2\/product"}],"about":[{"href":"https:\/\/petityu.com\/en\/wp-json\/wp\/v2\/types\/product"}],"wp:featuredmedia":[{"embeddable":true,"href":"https:\/\/petityu.com\/en\/wp-json\/wp\/v2\/media\/7472"}],"wp:attachment":[{"href":"https:\/\/petityu.com\/en\/wp-json\/wp\/v2\/media?parent=7473"}],"wp:term":[{"taxonomy":"product_brand","embeddable":true,"href":"https:\/\/petityu.com\/en\/wp-json\/wp\/v2\/product_brand?post=7473"},{"taxonomy":"product_cat","embeddable":true,"href":"https:\/\/petityu.com\/en\/wp-json\/wp\/v2\/product_cat?post=7473"},{"taxonomy":"product_tag","embeddable":true,"href":"https:\/\/petityu.com\/en\/wp-json\/wp\/v2\/product_tag?post=7473"}],"curies":[{"name":"wp","href":"https:\/\/api.w.org\/{rel}","templated":true}]}}