{"id":7479,"date":"2024-09-19T17:05:50","date_gmt":"2024-09-19T14:05:50","guid":{"rendered":"https:\/\/petityu.com\/pembe-kugu-mayo-kiz-bebek-cocuk-mayo-6-yas-7-yas-2\/"},"modified":"2026-04-24T11:27:53","modified_gmt":"2026-04-24T08:27:53","slug":"pembe-kugu-mayo-kiz-bebek-cocuk-mayo-6-yas-7-yas-2","status":"publish","type":"product","link":"https:\/\/petityu.com\/en\/pembe-kugu-mayo-kiz-bebek-cocuk-mayo-6-yas-7-yas-2\/","title":{"rendered":"Pembe Ku\u011fu Mayo K\u0131z Bebek \u00c7ocuk Mayo"},"content":{"rendered":"<p>Pembe ku\u011fu tasar\u0131m\u0131 ile dikkat &ccedil;eken bu &ccedil;ocuk mayo, 6-7 ya\u015f aras\u0131 minik denizciler i&ccedil;in idealdir. &Ouml;rme kuma\u015f\u0131 sayesinde esnek ve rahat bir kullan\u0131m sunar. D&uuml;z kesimiyle kolay giyilip &ccedil;\u0131kar\u0131labilir olup, suyun tad\u0131n\u0131 &ccedil;\u0131karmak isteyen her &ccedil;ocu\u011fun vazge&ccedil;ilmezi olacak.;<\/p>","protected":false},"excerpt":{"rendered":"<p>Pembe ku\u011fu tasar\u0131m\u0131 ile dikkat &ccedil;eken bu &ccedil;ocuk mayo, 6-7 ya\u015f aras\u0131 minik denizciler i&ccedil;in idealdir. &Ouml;rme kuma\u015f\u0131 sayesinde esnek ve rahat bir kullan\u0131m sunar.&hellip;<\/p>","protected":false},"featured_media":7478,"template":"","meta":[],"product_brand":[],"product_cat":[15,935,974],"product_tag":[],"class_list":{"0":"post-7479","1":"product","2":"type-product","3":"status-publish","4":"has-post-thumbnail","6":"product_cat-genel","7":"product_cat-kizcocuk","8":"product_cat-mayo","10":"first","11":"instock","12":"taxable","13":"shipping-taxable","14":"purchasable","15":"product-type-variable"},"_links":{"self":[{"href":"https:\/\/petityu.com\/en\/wp-json\/wp\/v2\/product\/7479","targetHints":{"allow":["GET"]}}],"collection":[{"href":"https:\/\/petityu.com\/en\/wp-json\/wp\/v2\/product"}],"about":[{"href":"https:\/\/petityu.com\/en\/wp-json\/wp\/v2\/types\/product"}],"wp:featuredmedia":[{"embeddable":true,"href":"https:\/\/petityu.com\/en\/wp-json\/wp\/v2\/media\/7478"}],"wp:attachment":[{"href":"https:\/\/petityu.com\/en\/wp-json\/wp\/v2\/media?parent=7479"}],"wp:term":[{"taxonomy":"product_brand","embeddable":true,"href":"https:\/\/petityu.com\/en\/wp-json\/wp\/v2\/product_brand?post=7479"},{"taxonomy":"product_cat","embeddable":true,"href":"https:\/\/petityu.com\/en\/wp-json\/wp\/v2\/product_cat?post=7479"},{"taxonomy":"product_tag","embeddable":true,"href":"https:\/\/petityu.com\/en\/wp-json\/wp\/v2\/product_tag?post=7479"}],"curies":[{"name":"wp","href":"https:\/\/api.w.org\/{rel}","templated":true}]}}