{"id":7483,"date":"2024-09-19T17:06:04","date_gmt":"2024-09-19T14:06:04","guid":{"rendered":"https:\/\/petityu.com\/upf50-gunes-korumali-3lu-mayo-set-blue-borde-mayo-tshirt-sapka-seti-erkek-cocuk-sort-mayo\/"},"modified":"2026-03-04T16:08:24","modified_gmt":"2026-03-04T13:08:24","slug":"upf50-gunes-korumali-3lu-mayo-set-blue-borde-mayo-tshirt-sapka-seti-erkek-cocuk-sort-mayo","status":"publish","type":"product","link":"https:\/\/petityu.com\/en\/upf50-gunes-korumali-3lu-mayo-set-blue-borde-mayo-tshirt-sapka-seti-erkek-cocuk-sort-mayo\/","title":{"rendered":"UPF50+ g\u00fcne\u015f korumal\u0131 3&#8217;l\u00fc mayo set Blue Borde Mayo tshirt \u015fapka seti erkek \u00e7ocuk \u015fort mayo"},"content":{"rendered":"<div >UPF50+ G\u00fcne\u015f korumal\u0131 \u015fort mayo 3 &#8216;l\u00fc set&nbsp;<\/div><br \/>\n<div>&nbsp;<\/div>","protected":false},"excerpt":{"rendered":"<p>UPF50+ G\u00fcne\u015f korumal\u0131 \u015fort mayo 3 &#8216;l\u00fc set&nbsp; &nbsp;<\/p>","protected":false},"featured_media":7482,"template":"","meta":[],"product_brand":[],"product_cat":[15,936,987],"product_tag":[],"class_list":{"0":"post-7483","1":"product","2":"type-product","3":"status-publish","4":"has-post-thumbnail","6":"product_cat-genel","7":"product_cat-erkekcocuk","8":"product_cat-mayo-erkekcocuk","10":"first","11":"instock","12":"taxable","13":"shipping-taxable","14":"purchasable","15":"product-type-variable"},"_links":{"self":[{"href":"https:\/\/petityu.com\/en\/wp-json\/wp\/v2\/product\/7483","targetHints":{"allow":["GET"]}}],"collection":[{"href":"https:\/\/petityu.com\/en\/wp-json\/wp\/v2\/product"}],"about":[{"href":"https:\/\/petityu.com\/en\/wp-json\/wp\/v2\/types\/product"}],"wp:featuredmedia":[{"embeddable":true,"href":"https:\/\/petityu.com\/en\/wp-json\/wp\/v2\/media\/7482"}],"wp:attachment":[{"href":"https:\/\/petityu.com\/en\/wp-json\/wp\/v2\/media?parent=7483"}],"wp:term":[{"taxonomy":"product_brand","embeddable":true,"href":"https:\/\/petityu.com\/en\/wp-json\/wp\/v2\/product_brand?post=7483"},{"taxonomy":"product_cat","embeddable":true,"href":"https:\/\/petityu.com\/en\/wp-json\/wp\/v2\/product_cat?post=7483"},{"taxonomy":"product_tag","embeddable":true,"href":"https:\/\/petityu.com\/en\/wp-json\/wp\/v2\/product_tag?post=7483"}],"curies":[{"name":"wp","href":"https:\/\/api.w.org\/{rel}","templated":true}]}}