{"id":7487,"date":"2024-09-19T17:06:18","date_gmt":"2024-09-19T14:06:18","guid":{"rendered":"https:\/\/petityu.com\/upf50-gunes-korumali-kafa-ve-boyundan-ayarlanabilir-su-yesili-palmiye-desenli-sapka\/"},"modified":"2026-04-16T15:01:52","modified_gmt":"2026-04-16T12:01:52","slug":"upf50-gunes-korumali-kafa-ve-boyundan-ayarlanabilir-su-yesili-palmiye-desenli-sapka","status":"publish","type":"product","link":"https:\/\/petityu.com\/en\/upf50-gunes-korumali-kafa-ve-boyundan-ayarlanabilir-su-yesili-palmiye-desenli-sapka\/","title":{"rendered":"UPF50+ G\u00fcne\u015f Korumal\u0131 Kafa Ve Boyundan Ayarlanabilir Su Ye\u015fili Palmiye Desenli \u015eapka"},"content":{"rendered":"<div>UPF50+ G&Uuml;NE\u015e KORUMALI \u015eAPKA<\/div>\n<div>boyundan ve kafa cap\u0131ndan ayarlanabilir hava al\u0131r \u015fapka<\/div>\n<div>50 cm 1-3 ya\u015f<\/div>\n<div>54 cm 3-8 ya\u015f<\/div>","protected":false},"excerpt":{"rendered":"<p>UPF50+ G&Uuml;NE\u015e KORUMALI \u015eAPKA boyundan ve kafa cap\u0131ndan ayarlanabilir hava al\u0131r \u015fapka 50 cm 1-3 ya\u015f 54 cm 3-8 ya\u015f<\/p>","protected":false},"featured_media":7486,"template":"","meta":[],"product_brand":[],"product_cat":[15,936,935,975,996],"product_tag":[],"class_list":{"0":"post-7487","1":"product","2":"type-product","3":"status-publish","4":"has-post-thumbnail","6":"product_cat-genel","7":"product_cat-erkekcocuk","8":"product_cat-kizcocuk","9":"product_cat-sapka","10":"product_cat-sapka-erkekcocuk","12":"first","13":"instock","14":"taxable","15":"shipping-taxable","16":"purchasable","17":"product-type-variable"},"_links":{"self":[{"href":"https:\/\/petityu.com\/en\/wp-json\/wp\/v2\/product\/7487","targetHints":{"allow":["GET"]}}],"collection":[{"href":"https:\/\/petityu.com\/en\/wp-json\/wp\/v2\/product"}],"about":[{"href":"https:\/\/petityu.com\/en\/wp-json\/wp\/v2\/types\/product"}],"wp:featuredmedia":[{"embeddable":true,"href":"https:\/\/petityu.com\/en\/wp-json\/wp\/v2\/media\/7486"}],"wp:attachment":[{"href":"https:\/\/petityu.com\/en\/wp-json\/wp\/v2\/media?parent=7487"}],"wp:term":[{"taxonomy":"product_brand","embeddable":true,"href":"https:\/\/petityu.com\/en\/wp-json\/wp\/v2\/product_brand?post=7487"},{"taxonomy":"product_cat","embeddable":true,"href":"https:\/\/petityu.com\/en\/wp-json\/wp\/v2\/product_cat?post=7487"},{"taxonomy":"product_tag","embeddable":true,"href":"https:\/\/petityu.com\/en\/wp-json\/wp\/v2\/product_tag?post=7487"}],"curies":[{"name":"wp","href":"https:\/\/api.w.org\/{rel}","templated":true}]}}