{"id":7491,"date":"2024-09-19T17:06:35","date_gmt":"2024-09-19T14:06:35","guid":{"rendered":"https:\/\/petityu.com\/gunes-korumali-kisa-kollu-mermaid-denizkizi-desenli-kiz-cocuk-mayo-upf-kiz-cocuk-mayo\/"},"modified":"2026-03-10T15:19:48","modified_gmt":"2026-03-10T12:19:48","slug":"gunes-korumali-kisa-kollu-mermaid-denizkizi-desenli-kiz-cocuk-mayo-upf-kiz-cocuk-mayo","status":"publish","type":"product","link":"https:\/\/petityu.com\/en\/gunes-korumali-kisa-kollu-mermaid-denizkizi-desenli-kiz-cocuk-mayo-upf-kiz-cocuk-mayo\/","title":{"rendered":"G\u00fcne\u015f Korumal\u0131 K\u0131sa Kollu Mermaid Denizk\u0131z\u0131 Desenli K\u0131z \u00c7ocuk Mayo"},"content":{"rendered":"<p><p>Denizk\u0131z\u0131 mayo G\u00fcne\u015f korumal\u0131 \u015fapka mayo set Mor ye\u015fil k\u0131z \u00e7ocuk mayo<\/p><\/p>","protected":false},"excerpt":{"rendered":"<p>Denizk\u0131z\u0131 mayo G\u00fcne\u015f korumal\u0131 \u015fapka mayo set Mor ye\u015fil k\u0131z \u00e7ocuk mayo<\/p>","protected":false},"featured_media":7490,"template":"","meta":[],"product_brand":[],"product_cat":[15,935,974],"product_tag":[],"class_list":{"0":"post-7491","1":"product","2":"type-product","3":"status-publish","4":"has-post-thumbnail","6":"product_cat-genel","7":"product_cat-kizcocuk","8":"product_cat-mayo","10":"first","11":"instock","12":"taxable","13":"shipping-taxable","14":"purchasable","15":"product-type-variable"},"_links":{"self":[{"href":"https:\/\/petityu.com\/en\/wp-json\/wp\/v2\/product\/7491","targetHints":{"allow":["GET"]}}],"collection":[{"href":"https:\/\/petityu.com\/en\/wp-json\/wp\/v2\/product"}],"about":[{"href":"https:\/\/petityu.com\/en\/wp-json\/wp\/v2\/types\/product"}],"wp:featuredmedia":[{"embeddable":true,"href":"https:\/\/petityu.com\/en\/wp-json\/wp\/v2\/media\/7490"}],"wp:attachment":[{"href":"https:\/\/petityu.com\/en\/wp-json\/wp\/v2\/media?parent=7491"}],"wp:term":[{"taxonomy":"product_brand","embeddable":true,"href":"https:\/\/petityu.com\/en\/wp-json\/wp\/v2\/product_brand?post=7491"},{"taxonomy":"product_cat","embeddable":true,"href":"https:\/\/petityu.com\/en\/wp-json\/wp\/v2\/product_cat?post=7491"},{"taxonomy":"product_tag","embeddable":true,"href":"https:\/\/petityu.com\/en\/wp-json\/wp\/v2\/product_tag?post=7491"}],"curies":[{"name":"wp","href":"https:\/\/api.w.org\/{rel}","templated":true}]}}