{"id":7497,"date":"2024-09-19T17:07:01","date_gmt":"2024-09-19T14:07:01","guid":{"rendered":"https:\/\/petityu.com\/upf50-beyaz-ustu-renkli-cicekli-boyun-korumali-terletmez-sapka\/"},"modified":"2026-04-16T14:47:16","modified_gmt":"2026-04-16T11:47:16","slug":"upf50-beyaz-ustu-renkli-cicekli-boyun-korumali-terletmez-sapka","status":"publish","type":"product","link":"https:\/\/petityu.com\/en\/upf50-beyaz-ustu-renkli-cicekli-boyun-korumali-terletmez-sapka\/","title":{"rendered":"Upf50+ Beyaz \u00dcst\u00fc Renkli \u00c7i\u00e7ekli Boyun Korumal\u0131 Terletmez \u015eapka"},"content":{"rendered":"<div>G&uuml;ne\u015f korumal\u0131 hava alan boyun korumal\u0131 \u015fapka<\/div>\n<div>&nbsp;<\/div>","protected":false},"excerpt":{"rendered":"<p>G&uuml;ne\u015f korumal\u0131 hava alan boyun korumal\u0131 \u015fapka &nbsp;<\/p>","protected":false},"featured_media":7494,"template":"","meta":[],"product_brand":[],"product_cat":[15,935,975],"product_tag":[],"class_list":{"0":"post-7497","1":"product","2":"type-product","3":"status-publish","4":"has-post-thumbnail","6":"product_cat-genel","7":"product_cat-kizcocuk","8":"product_cat-sapka","10":"first","11":"instock","12":"featured","13":"taxable","14":"shipping-taxable","15":"purchasable","16":"product-type-variable"},"_links":{"self":[{"href":"https:\/\/petityu.com\/en\/wp-json\/wp\/v2\/product\/7497","targetHints":{"allow":["GET"]}}],"collection":[{"href":"https:\/\/petityu.com\/en\/wp-json\/wp\/v2\/product"}],"about":[{"href":"https:\/\/petityu.com\/en\/wp-json\/wp\/v2\/types\/product"}],"wp:featuredmedia":[{"embeddable":true,"href":"https:\/\/petityu.com\/en\/wp-json\/wp\/v2\/media\/7494"}],"wp:attachment":[{"href":"https:\/\/petityu.com\/en\/wp-json\/wp\/v2\/media?parent=7497"}],"wp:term":[{"taxonomy":"product_brand","embeddable":true,"href":"https:\/\/petityu.com\/en\/wp-json\/wp\/v2\/product_brand?post=7497"},{"taxonomy":"product_cat","embeddable":true,"href":"https:\/\/petityu.com\/en\/wp-json\/wp\/v2\/product_cat?post=7497"},{"taxonomy":"product_tag","embeddable":true,"href":"https:\/\/petityu.com\/en\/wp-json\/wp\/v2\/product_tag?post=7497"}],"curies":[{"name":"wp","href":"https:\/\/api.w.org\/{rel}","templated":true}]}}