{"id":7501,"date":"2024-09-19T17:07:17","date_gmt":"2024-09-19T14:07:17","guid":{"rendered":"https:\/\/petityu.com\/unicorn-uzun-kollu-pembe-mint-gokkusagi-balonlu-kiz-cocuk-mayo\/"},"modified":"2026-03-10T15:18:43","modified_gmt":"2026-03-10T12:18:43","slug":"unicorn-uzun-kollu-pembe-mint-gokkusagi-balonlu-kiz-cocuk-mayo","status":"publish","type":"product","link":"https:\/\/petityu.com\/en\/unicorn-uzun-kollu-pembe-mint-gokkusagi-balonlu-kiz-cocuk-mayo\/","title":{"rendered":"Unicorn Uzun Kollu Pembe Mint G\u00f6kku\u015fa\u011f\u0131 Balonlu K\u0131z \u00c7ocuk Mayo"},"content":{"rendered":"<div ><br \/>\n<ul><br \/>\n<li>Petityu uzun kollu k\u0131z \u00e7ocuk mayo<\/li><br \/>\n<li>Petityu Unicorn mayo<\/li><br \/>\n<li>Petityu \u015firin k\u0131z \u00e7ocuk mayo<\/li><\/ul><br \/>\n<div>&nbsp;<\/div><\/div>","protected":false},"excerpt":{"rendered":"<p>Petityu uzun kollu k\u0131z \u00e7ocuk mayo Petityu Unicorn mayo Petityu \u015firin k\u0131z \u00e7ocuk mayo &nbsp;<\/p>","protected":false},"featured_media":7500,"template":"","meta":[],"product_brand":[],"product_cat":[15,935,974],"product_tag":[],"class_list":{"0":"post-7501","1":"product","2":"type-product","3":"status-publish","4":"has-post-thumbnail","6":"product_cat-genel","7":"product_cat-kizcocuk","8":"product_cat-mayo","10":"first","11":"instock","12":"taxable","13":"shipping-taxable","14":"purchasable","15":"product-type-variable"},"_links":{"self":[{"href":"https:\/\/petityu.com\/en\/wp-json\/wp\/v2\/product\/7501","targetHints":{"allow":["GET"]}}],"collection":[{"href":"https:\/\/petityu.com\/en\/wp-json\/wp\/v2\/product"}],"about":[{"href":"https:\/\/petityu.com\/en\/wp-json\/wp\/v2\/types\/product"}],"wp:featuredmedia":[{"embeddable":true,"href":"https:\/\/petityu.com\/en\/wp-json\/wp\/v2\/media\/7500"}],"wp:attachment":[{"href":"https:\/\/petityu.com\/en\/wp-json\/wp\/v2\/media?parent=7501"}],"wp:term":[{"taxonomy":"product_brand","embeddable":true,"href":"https:\/\/petityu.com\/en\/wp-json\/wp\/v2\/product_brand?post=7501"},{"taxonomy":"product_cat","embeddable":true,"href":"https:\/\/petityu.com\/en\/wp-json\/wp\/v2\/product_cat?post=7501"},{"taxonomy":"product_tag","embeddable":true,"href":"https:\/\/petityu.com\/en\/wp-json\/wp\/v2\/product_tag?post=7501"}],"curies":[{"name":"wp","href":"https:\/\/api.w.org\/{rel}","templated":true}]}}