{"id":7508,"date":"2024-09-19T17:07:40","date_gmt":"2024-09-19T14:07:40","guid":{"rendered":"https:\/\/petityu.com\/pembe-uzun-kollu-kiz-cocuk-tavsan-ve-peri-desenli-sirin-elbise\/"},"modified":"2025-10-13T14:19:15","modified_gmt":"2025-10-13T11:19:15","slug":"pembe-uzun-kollu-kiz-cocuk-tavsan-ve-peri-desenli-sirin-elbise","status":"publish","type":"product","link":"https:\/\/petityu.com\/en\/pembe-uzun-kollu-kiz-cocuk-tavsan-ve-peri-desenli-sirin-elbise\/","title":{"rendered":"Petityu Pembe Uzun Kollu K\u0131z \u00c7ocuk Tav\u015fan Ve Peri Desenli \u015eirin Elbise"},"content":{"rendered":"<div ><br \/>\n<ul><br \/>\n<li>K\u0131z \u00e7ocuk uzun kollu rahat elbise <br><\/li><br \/>\n<li>Pembe renk <br><\/li><br \/>\n<li>Tav\u015fan ve peri desenli<\/li><\/ul><br \/>\n<div><br><\/div><\/div>","protected":false},"excerpt":{"rendered":"<p>K\u0131z \u00e7ocuk uzun kollu rahat elbise Pembe renk Tav\u015fan ve peri desenli<\/p>","protected":false},"featured_media":7507,"template":"","meta":[],"product_brand":[],"product_cat":[15,972,935],"product_tag":[],"class_list":{"0":"post-7508","1":"product","2":"type-product","3":"status-publish","4":"has-post-thumbnail","6":"product_cat-genel","7":"product_cat-elbise","8":"product_cat-kizcocuk","10":"first","11":"instock","12":"taxable","13":"shipping-taxable","14":"purchasable","15":"product-type-variable"},"_links":{"self":[{"href":"https:\/\/petityu.com\/en\/wp-json\/wp\/v2\/product\/7508","targetHints":{"allow":["GET"]}}],"collection":[{"href":"https:\/\/petityu.com\/en\/wp-json\/wp\/v2\/product"}],"about":[{"href":"https:\/\/petityu.com\/en\/wp-json\/wp\/v2\/types\/product"}],"wp:featuredmedia":[{"embeddable":true,"href":"https:\/\/petityu.com\/en\/wp-json\/wp\/v2\/media\/7507"}],"wp:attachment":[{"href":"https:\/\/petityu.com\/en\/wp-json\/wp\/v2\/media?parent=7508"}],"wp:term":[{"taxonomy":"product_brand","embeddable":true,"href":"https:\/\/petityu.com\/en\/wp-json\/wp\/v2\/product_brand?post=7508"},{"taxonomy":"product_cat","embeddable":true,"href":"https:\/\/petityu.com\/en\/wp-json\/wp\/v2\/product_cat?post=7508"},{"taxonomy":"product_tag","embeddable":true,"href":"https:\/\/petityu.com\/en\/wp-json\/wp\/v2\/product_tag?post=7508"}],"curies":[{"name":"wp","href":"https:\/\/api.w.org\/{rel}","templated":true}]}}