{"id":7513,"date":"2024-09-19T17:07:59","date_gmt":"2024-09-19T14:07:59","guid":{"rendered":"https:\/\/petityu.com\/uv-gunes-korumali-sapka-hizli-kuruma-upf50-acik-somonumsu-pembe-sapka-1-3-ve-3-8-yas\/"},"modified":"2026-04-16T15:31:57","modified_gmt":"2026-04-16T12:31:57","slug":"uv-gunes-korumali-sapka-hizli-kuruma-upf50-acik-somonumsu-pembe-sapka-1-3-ve-3-8-yas","status":"publish","type":"product","link":"https:\/\/petityu.com\/en\/uv-gunes-korumali-sapka-hizli-kuruma-upf50-acik-somonumsu-pembe-sapka-1-3-ve-3-8-yas\/","title":{"rendered":"Uv G\u00fcne\u015f Korumal\u0131 \u015eapka H\u0131zl\u0131 Kuruma\u2013 Upf50+ A\u00e7\u0131k Somonumsu Pembe \u015eapka"},"content":{"rendered":"<div ><ul><li>upf 50+g\u00fcne\u015f korumal\u0131 \u015fapka<\/li><li>h\u0131zl\u0131 kuruyan \u015fapka<\/li><li>boyundan ayarlanabilir \u015fapka<\/li><li>kafa \u00e7ap\u0131ndan ayarlanabilir \u015fapka<\/li><\/ul><div>&nbsp;<\/div><\/div>","protected":false},"excerpt":{"rendered":"<p>upf 50+g\u00fcne\u015f korumal\u0131 \u015fapkah\u0131zl\u0131 kuruyan \u015fapkaboyundan ayarlanabilir \u015fapkakafa \u00e7ap\u0131ndan ayarlanabilir \u015fapka&nbsp;<\/p>","protected":false},"featured_media":7512,"template":"","meta":[],"product_brand":[],"product_cat":[15,935,975],"product_tag":[],"class_list":{"0":"post-7513","1":"product","2":"type-product","3":"status-publish","4":"has-post-thumbnail","6":"product_cat-genel","7":"product_cat-kizcocuk","8":"product_cat-sapka","10":"first","11":"instock","12":"taxable","13":"shipping-taxable","14":"purchasable","15":"product-type-variable"},"_links":{"self":[{"href":"https:\/\/petityu.com\/en\/wp-json\/wp\/v2\/product\/7513","targetHints":{"allow":["GET"]}}],"collection":[{"href":"https:\/\/petityu.com\/en\/wp-json\/wp\/v2\/product"}],"about":[{"href":"https:\/\/petityu.com\/en\/wp-json\/wp\/v2\/types\/product"}],"wp:featuredmedia":[{"embeddable":true,"href":"https:\/\/petityu.com\/en\/wp-json\/wp\/v2\/media\/7512"}],"wp:attachment":[{"href":"https:\/\/petityu.com\/en\/wp-json\/wp\/v2\/media?parent=7513"}],"wp:term":[{"taxonomy":"product_brand","embeddable":true,"href":"https:\/\/petityu.com\/en\/wp-json\/wp\/v2\/product_brand?post=7513"},{"taxonomy":"product_cat","embeddable":true,"href":"https:\/\/petityu.com\/en\/wp-json\/wp\/v2\/product_cat?post=7513"},{"taxonomy":"product_tag","embeddable":true,"href":"https:\/\/petityu.com\/en\/wp-json\/wp\/v2\/product_tag?post=7513"}],"curies":[{"name":"wp","href":"https:\/\/api.w.org\/{rel}","templated":true}]}}