{"id":7517,"date":"2024-09-19T17:08:14","date_gmt":"2024-09-19T14:08:14","guid":{"rendered":"https:\/\/petityu.com\/somon-kelebek-aplikeli-sirin-askili-kiz-cocuk-dogumgunu-elbisesi\/"},"modified":"2025-09-25T17:13:29","modified_gmt":"2025-09-25T14:13:29","slug":"somon-kelebek-aplikeli-sirin-askili-kiz-cocuk-dogumgunu-elbisesi","status":"publish","type":"product","link":"https:\/\/petityu.com\/en\/somon-kelebek-aplikeli-sirin-askili-kiz-cocuk-dogumgunu-elbisesi\/","title":{"rendered":"Petityu Somon Kelebek Aplikeli \u015eirin Ask\u0131l\u0131 K\u0131z \u00c7ocuk Do\u011fumg\u00fcn\u00fc Elbisesi"},"content":{"rendered":"<div ><br \/>\n<ul><br \/>\n<li>kabartma kelebek ask\u0131l\u0131 do\u011fumg\u00fcn\u00fc elbisesi<\/li><\/ul><\/div>","protected":false},"excerpt":{"rendered":"<p>kabartma kelebek ask\u0131l\u0131 do\u011fumg\u00fcn\u00fc elbisesi<\/p>","protected":false},"featured_media":7516,"template":"","meta":[],"product_brand":[],"product_cat":[15,972,935],"product_tag":[],"class_list":{"0":"post-7517","1":"product","2":"type-product","3":"status-publish","4":"has-post-thumbnail","6":"product_cat-genel","7":"product_cat-elbise","8":"product_cat-kizcocuk","10":"first","11":"instock","12":"taxable","13":"shipping-taxable","14":"purchasable","15":"product-type-variable"},"_links":{"self":[{"href":"https:\/\/petityu.com\/en\/wp-json\/wp\/v2\/product\/7517","targetHints":{"allow":["GET"]}}],"collection":[{"href":"https:\/\/petityu.com\/en\/wp-json\/wp\/v2\/product"}],"about":[{"href":"https:\/\/petityu.com\/en\/wp-json\/wp\/v2\/types\/product"}],"wp:featuredmedia":[{"embeddable":true,"href":"https:\/\/petityu.com\/en\/wp-json\/wp\/v2\/media\/7516"}],"wp:attachment":[{"href":"https:\/\/petityu.com\/en\/wp-json\/wp\/v2\/media?parent=7517"}],"wp:term":[{"taxonomy":"product_brand","embeddable":true,"href":"https:\/\/petityu.com\/en\/wp-json\/wp\/v2\/product_brand?post=7517"},{"taxonomy":"product_cat","embeddable":true,"href":"https:\/\/petityu.com\/en\/wp-json\/wp\/v2\/product_cat?post=7517"},{"taxonomy":"product_tag","embeddable":true,"href":"https:\/\/petityu.com\/en\/wp-json\/wp\/v2\/product_tag?post=7517"}],"curies":[{"name":"wp","href":"https:\/\/api.w.org\/{rel}","templated":true}]}}