{"id":7522,"date":"2024-09-19T17:08:32","date_gmt":"2024-09-19T14:08:32","guid":{"rendered":"https:\/\/petityu.com\/asiri-sirin-gunes-korumali-uzun-kollu-dondurma-mayo-ve-sapka-set\/"},"modified":"2026-04-25T14:48:02","modified_gmt":"2026-04-25T11:48:02","slug":"asiri-sirin-gunes-korumali-uzun-kollu-dondurma-mayo-ve-sapka-set","status":"publish","type":"product","link":"https:\/\/petityu.com\/en\/asiri-sirin-gunes-korumali-uzun-kollu-dondurma-mayo-ve-sapka-set\/","title":{"rendered":"A\u015f\u0131r\u0131 \u015eirin G\u00fcne\u015f Korumal\u0131 Uzun Kollu Dondurma Mayo Ve \u015eapka Set"},"content":{"rendered":"<p>g&uuml;ne\u015f korumal\u0131 k\u0131z &ccedil;ocuk mayo f\u0131rf\u0131r \u015fapkal\u0131 dondurma k\u0131z &ccedil;ocuk mayo \u015firin bebek mayo<\/p>","protected":false},"excerpt":{"rendered":"<p>g&uuml;ne\u015f korumal\u0131 k\u0131z &ccedil;ocuk mayo f\u0131rf\u0131r \u015fapkal\u0131 dondurma k\u0131z &ccedil;ocuk mayo \u015firin bebek mayo<\/p>","protected":false},"featured_media":7521,"template":"","meta":[],"product_brand":[],"product_cat":[15,935,974],"product_tag":[],"class_list":{"0":"post-7522","1":"product","2":"type-product","3":"status-publish","4":"has-post-thumbnail","6":"product_cat-genel","7":"product_cat-kizcocuk","8":"product_cat-mayo","10":"first","11":"instock","12":"taxable","13":"shipping-taxable","14":"purchasable","15":"product-type-variable"},"_links":{"self":[{"href":"https:\/\/petityu.com\/en\/wp-json\/wp\/v2\/product\/7522","targetHints":{"allow":["GET"]}}],"collection":[{"href":"https:\/\/petityu.com\/en\/wp-json\/wp\/v2\/product"}],"about":[{"href":"https:\/\/petityu.com\/en\/wp-json\/wp\/v2\/types\/product"}],"wp:featuredmedia":[{"embeddable":true,"href":"https:\/\/petityu.com\/en\/wp-json\/wp\/v2\/media\/7521"}],"wp:attachment":[{"href":"https:\/\/petityu.com\/en\/wp-json\/wp\/v2\/media?parent=7522"}],"wp:term":[{"taxonomy":"product_brand","embeddable":true,"href":"https:\/\/petityu.com\/en\/wp-json\/wp\/v2\/product_brand?post=7522"},{"taxonomy":"product_cat","embeddable":true,"href":"https:\/\/petityu.com\/en\/wp-json\/wp\/v2\/product_cat?post=7522"},{"taxonomy":"product_tag","embeddable":true,"href":"https:\/\/petityu.com\/en\/wp-json\/wp\/v2\/product_tag?post=7522"}],"curies":[{"name":"wp","href":"https:\/\/api.w.org\/{rel}","templated":true}]}}