{"id":7526,"date":"2024-09-19T17:08:47","date_gmt":"2024-09-19T14:08:47","guid":{"rendered":"https:\/\/petityu.com\/upf50-kiz-cocuk-renkli-kalpli-beyaz-mayo-gunes-korumali-kiz-cocuk-mayo\/"},"modified":"2026-04-22T17:44:56","modified_gmt":"2026-04-22T14:44:56","slug":"upf50-kiz-cocuk-renkli-kalpli-beyaz-mayo-gunes-korumali-kiz-cocuk-mayo","status":"publish","type":"product","link":"https:\/\/petityu.com\/en\/upf50-kiz-cocuk-renkli-kalpli-beyaz-mayo-gunes-korumali-kiz-cocuk-mayo\/","title":{"rendered":"UPF50+ K\u0131z \u00c7ocuk Renkli Kalpli Beyaz Mayo G\u00fcne\u015f Korumal\u0131 K\u0131z \u00c7ocuk Mayo"},"content":{"rendered":"<p>UPF50+ k\u0131z &ccedil;ocuk mayo g&uuml;ne\u015f korumal\u0131 k\u0131z &ccedil;ocuk mayo beyaz k\u0131z &ccedil;ocuk mayo<\/p>","protected":false},"excerpt":{"rendered":"<p>UPF50+ k\u0131z &ccedil;ocuk mayo g&uuml;ne\u015f korumal\u0131 k\u0131z &ccedil;ocuk mayo beyaz k\u0131z &ccedil;ocuk mayo<\/p>","protected":false},"featured_media":7525,"template":"","meta":[],"product_brand":[],"product_cat":[15,935,974],"product_tag":[],"class_list":{"0":"post-7526","1":"product","2":"type-product","3":"status-publish","4":"has-post-thumbnail","6":"product_cat-genel","7":"product_cat-kizcocuk","8":"product_cat-mayo","10":"first","11":"instock","12":"taxable","13":"shipping-taxable","14":"purchasable","15":"product-type-variable"},"_links":{"self":[{"href":"https:\/\/petityu.com\/en\/wp-json\/wp\/v2\/product\/7526","targetHints":{"allow":["GET"]}}],"collection":[{"href":"https:\/\/petityu.com\/en\/wp-json\/wp\/v2\/product"}],"about":[{"href":"https:\/\/petityu.com\/en\/wp-json\/wp\/v2\/types\/product"}],"wp:featuredmedia":[{"embeddable":true,"href":"https:\/\/petityu.com\/en\/wp-json\/wp\/v2\/media\/7525"}],"wp:attachment":[{"href":"https:\/\/petityu.com\/en\/wp-json\/wp\/v2\/media?parent=7526"}],"wp:term":[{"taxonomy":"product_brand","embeddable":true,"href":"https:\/\/petityu.com\/en\/wp-json\/wp\/v2\/product_brand?post=7526"},{"taxonomy":"product_cat","embeddable":true,"href":"https:\/\/petityu.com\/en\/wp-json\/wp\/v2\/product_cat?post=7526"},{"taxonomy":"product_tag","embeddable":true,"href":"https:\/\/petityu.com\/en\/wp-json\/wp\/v2\/product_tag?post=7526"}],"curies":[{"name":"wp","href":"https:\/\/api.w.org\/{rel}","templated":true}]}}