{"id":7532,"date":"2024-09-19T17:09:07","date_gmt":"2024-09-19T14:09:07","guid":{"rendered":"https:\/\/petityu.com\/incecik-yazlik-rahat-elbise-kiz-cocuk-askili-rahat-yumusak-pamuklu-elbise\/"},"modified":"2025-09-25T17:17:19","modified_gmt":"2025-09-25T14:17:19","slug":"incecik-yazlik-rahat-elbise-kiz-cocuk-askili-rahat-yumusak-pamuklu-elbise","status":"publish","type":"product","link":"https:\/\/petityu.com\/en\/incecik-yazlik-rahat-elbise-kiz-cocuk-askili-rahat-yumusak-pamuklu-elbise\/","title":{"rendered":"Petityu \u0130ncecik Yazl\u0131k Rahat Elbise K\u0131z \u00c7ocuk Ask\u0131l\u0131 Rahat Yumu\u015fak Pamuklu Elbise"},"content":{"rendered":"<div ><br \/>\n<ul><br \/>\n<li>incecik tiril tiril ask\u0131l\u0131 pamuklu k\u0131z cocuk elbise<\/li><br \/>\n<li>yazl\u0131k elbise<\/li><br \/>\n<li>k\u0131z cocuk unicorn yazl\u0131k elbise<\/li><\/ul><br \/>\n<div>&nbsp;<\/div><\/div>","protected":false},"excerpt":{"rendered":"<p>incecik tiril tiril ask\u0131l\u0131 pamuklu k\u0131z cocuk elbise yazl\u0131k elbise k\u0131z cocuk unicorn yazl\u0131k elbise &nbsp;<\/p>","protected":false},"featured_media":7531,"template":"","meta":[],"product_brand":[],"product_cat":[15,972,935],"product_tag":[],"class_list":{"0":"post-7532","1":"product","2":"type-product","3":"status-publish","4":"has-post-thumbnail","6":"product_cat-genel","7":"product_cat-elbise","8":"product_cat-kizcocuk","10":"first","11":"instock","12":"taxable","13":"shipping-taxable","14":"purchasable","15":"product-type-variable"},"_links":{"self":[{"href":"https:\/\/petityu.com\/en\/wp-json\/wp\/v2\/product\/7532","targetHints":{"allow":["GET"]}}],"collection":[{"href":"https:\/\/petityu.com\/en\/wp-json\/wp\/v2\/product"}],"about":[{"href":"https:\/\/petityu.com\/en\/wp-json\/wp\/v2\/types\/product"}],"wp:featuredmedia":[{"embeddable":true,"href":"https:\/\/petityu.com\/en\/wp-json\/wp\/v2\/media\/7531"}],"wp:attachment":[{"href":"https:\/\/petityu.com\/en\/wp-json\/wp\/v2\/media?parent=7532"}],"wp:term":[{"taxonomy":"product_brand","embeddable":true,"href":"https:\/\/petityu.com\/en\/wp-json\/wp\/v2\/product_brand?post=7532"},{"taxonomy":"product_cat","embeddable":true,"href":"https:\/\/petityu.com\/en\/wp-json\/wp\/v2\/product_cat?post=7532"},{"taxonomy":"product_tag","embeddable":true,"href":"https:\/\/petityu.com\/en\/wp-json\/wp\/v2\/product_tag?post=7532"}],"curies":[{"name":"wp","href":"https:\/\/api.w.org\/{rel}","templated":true}]}}