{"id":7540,"date":"2024-09-19T17:09:30","date_gmt":"2024-09-19T14:09:30","guid":{"rendered":"https:\/\/petityu.com\/upf50-gunes-korumali-hizli-kuruyan-kafa-capi-ayarlanabilir-unicorn-desenli-pembe-petityu-sapka\/"},"modified":"2026-03-27T15:25:48","modified_gmt":"2026-03-27T12:25:48","slug":"upf50-gunes-korumali-hizli-kuruyan-kafa-capi-ayarlanabilir-unicorn-desenli-pembe-petityu-sapka","status":"publish","type":"product","link":"https:\/\/petityu.com\/en\/upf50-gunes-korumali-hizli-kuruyan-kafa-capi-ayarlanabilir-unicorn-desenli-pembe-petityu-sapka\/","title":{"rendered":"Petityu UPF50+ G\u00fcne\u015f Korumal\u0131 H\u0131zl\u0131 Kuruyan Kafa \u00c7ap\u0131 Ayarlanabilir Unicorn Desenli Pembe \u015eapka"},"content":{"rendered":"<p><p>Petityu UPF50+ g\u00fcne\u015f korumal\u0131 \u015fapka Kafa \u00e7ap k\u0131sm\u0131ndan ve boyundan ayarlanabilir \u015eirin k\u0131z \u00e7ocuk unicorn \u015fapka<\/p><\/p>","protected":false},"excerpt":{"rendered":"<p>Petityu UPF50+ g\u00fcne\u015f korumal\u0131 \u015fapka Kafa \u00e7ap k\u0131sm\u0131ndan ve boyundan ayarlanabilir \u015eirin k\u0131z \u00e7ocuk unicorn \u015fapka<\/p>","protected":false},"featured_media":7539,"template":"","meta":[],"product_brand":[],"product_cat":[15,935,975],"product_tag":[],"class_list":{"0":"post-7540","1":"product","2":"type-product","3":"status-publish","4":"has-post-thumbnail","6":"product_cat-genel","7":"product_cat-kizcocuk","8":"product_cat-sapka","10":"first","11":"instock","12":"taxable","13":"shipping-taxable","14":"purchasable","15":"product-type-variable"},"_links":{"self":[{"href":"https:\/\/petityu.com\/en\/wp-json\/wp\/v2\/product\/7540","targetHints":{"allow":["GET"]}}],"collection":[{"href":"https:\/\/petityu.com\/en\/wp-json\/wp\/v2\/product"}],"about":[{"href":"https:\/\/petityu.com\/en\/wp-json\/wp\/v2\/types\/product"}],"wp:featuredmedia":[{"embeddable":true,"href":"https:\/\/petityu.com\/en\/wp-json\/wp\/v2\/media\/7539"}],"wp:attachment":[{"href":"https:\/\/petityu.com\/en\/wp-json\/wp\/v2\/media?parent=7540"}],"wp:term":[{"taxonomy":"product_brand","embeddable":true,"href":"https:\/\/petityu.com\/en\/wp-json\/wp\/v2\/product_brand?post=7540"},{"taxonomy":"product_cat","embeddable":true,"href":"https:\/\/petityu.com\/en\/wp-json\/wp\/v2\/product_cat?post=7540"},{"taxonomy":"product_tag","embeddable":true,"href":"https:\/\/petityu.com\/en\/wp-json\/wp\/v2\/product_tag?post=7540"}],"curies":[{"name":"wp","href":"https:\/\/api.w.org\/{rel}","templated":true}]}}