{"id":7548,"date":"2024-09-19T17:10:06","date_gmt":"2024-09-19T14:10:06","guid":{"rendered":"https:\/\/petityu.com\/upf50-pembe-unicorn-mavi-balon-desenli-kiz-cocuk-sapka-mayo-set\/"},"modified":"2026-04-06T23:53:10","modified_gmt":"2026-04-06T20:53:10","slug":"upf50-pembe-unicorn-mavi-balon-desenli-kiz-cocuk-sapka-mayo-set","status":"publish","type":"product","link":"https:\/\/petityu.com\/en\/upf50-pembe-unicorn-mavi-balon-desenli-kiz-cocuk-sapka-mayo-set\/","title":{"rendered":"UPF50+ Pembe Unicorn Mavi Balon Desenli K\u0131z \u00c7ocuk \u015eapka Mayo Set"},"content":{"rendered":"<p><p>UPF50+ koruma fakt\u00f6r\u00fc ile g\u00fcne\u015ften gelen zararl\u0131 UV \u0131\u015f\u0131nlar\u0131na kar\u015f\u0131 y\u00fcksek d\u00fczeyde koruma sa\u011flar.; Pembe unicorn mavi balon desenleriyle s\u00fcslenmi\u015f tasar\u0131m, \u00e7ocuklar\u0131n ilgisini \u00e7ekerken ayn\u0131 zamanda e\u011flenceli bir g\u00f6r\u00fcn\u00fcm kazand\u0131r\u0131r.; Bebek ve \u00e7ocuklar\u0131n rahat\u00e7a hareket edebilmesi i\u00e7in \u00f6rme kuma\u015ftan \u00fcretilmi\u015ftir, esnek yap\u0131s\u0131yla konforlu bir kullan\u0131m sunar.; D\u00fcz kesimi sayesinde kolay giyilip \u00e7\u0131kar\u0131labilir ve suyun i\u00e7inde veya d\u0131\u015f\u0131nda rahatl\u0131kla kullan\u0131labilir.; Plajda veya havuz kenar\u0131nda \u015f\u0131k ve ne\u015feli bir g\u00f6r\u00fcn\u00fcm i\u00e7in idealdir.;<\/p><\/p>","protected":false},"excerpt":{"rendered":"<p>UPF50+ koruma fakt\u00f6r\u00fc ile g\u00fcne\u015ften gelen zararl\u0131 UV \u0131\u015f\u0131nlar\u0131na kar\u015f\u0131 y\u00fcksek d\u00fczeyde koruma sa\u011flar.; Pembe unicorn mavi balon desenleriyle s\u00fcslenmi\u015f tasar\u0131m, \u00e7ocuklar\u0131n ilgisini \u00e7ekerken ayn\u0131&hellip;<\/p>","protected":false},"featured_media":7547,"template":"","meta":[],"product_brand":[],"product_cat":[15,935,974],"product_tag":[],"class_list":{"0":"post-7548","1":"product","2":"type-product","3":"status-publish","4":"has-post-thumbnail","6":"product_cat-genel","7":"product_cat-kizcocuk","8":"product_cat-mayo","10":"first","11":"instock","12":"featured","13":"taxable","14":"shipping-taxable","15":"purchasable","16":"product-type-variable"},"_links":{"self":[{"href":"https:\/\/petityu.com\/en\/wp-json\/wp\/v2\/product\/7548","targetHints":{"allow":["GET"]}}],"collection":[{"href":"https:\/\/petityu.com\/en\/wp-json\/wp\/v2\/product"}],"about":[{"href":"https:\/\/petityu.com\/en\/wp-json\/wp\/v2\/types\/product"}],"wp:featuredmedia":[{"embeddable":true,"href":"https:\/\/petityu.com\/en\/wp-json\/wp\/v2\/media\/7547"}],"wp:attachment":[{"href":"https:\/\/petityu.com\/en\/wp-json\/wp\/v2\/media?parent=7548"}],"wp:term":[{"taxonomy":"product_brand","embeddable":true,"href":"https:\/\/petityu.com\/en\/wp-json\/wp\/v2\/product_brand?post=7548"},{"taxonomy":"product_cat","embeddable":true,"href":"https:\/\/petityu.com\/en\/wp-json\/wp\/v2\/product_cat?post=7548"},{"taxonomy":"product_tag","embeddable":true,"href":"https:\/\/petityu.com\/en\/wp-json\/wp\/v2\/product_tag?post=7548"}],"curies":[{"name":"wp","href":"https:\/\/api.w.org\/{rel}","templated":true}]}}