{"id":7554,"date":"2024-09-19T17:10:28","date_gmt":"2024-09-19T14:10:28","guid":{"rendered":"https:\/\/petityu.com\/upf50-pembe-unicorn-boyun-korumali-terletmez-sapka\/"},"modified":"2026-04-16T14:45:27","modified_gmt":"2026-04-16T11:45:27","slug":"upf50-pembe-unicorn-boyun-korumali-terletmez-sapka","status":"publish","type":"product","link":"https:\/\/petityu.com\/en\/upf50-pembe-unicorn-boyun-korumali-terletmez-sapka\/","title":{"rendered":"upf50+ pembe unicorn boyun korumal\u0131 terletmez \u015fapka"},"content":{"rendered":"<div>UPF50+ korumal\u0131 \u015fapka<\/div>\n<div>Unicorn pembe boyun korumal\u0131&nbsp;<\/div>\n<div>terletmez<\/div>\n<div>hava al\u0131r \u015fapka<\/div>","protected":false},"excerpt":{"rendered":"<p>UPF50+ korumal\u0131 \u015fapka Unicorn pembe boyun korumal\u0131&nbsp; terletmez hava al\u0131r \u015fapka<\/p>","protected":false},"featured_media":7552,"template":"","meta":[],"product_brand":[],"product_cat":[15,935,975],"product_tag":[],"class_list":{"0":"post-7554","1":"product","2":"type-product","3":"status-publish","4":"has-post-thumbnail","6":"product_cat-genel","7":"product_cat-kizcocuk","8":"product_cat-sapka","10":"first","11":"instock","12":"featured","13":"taxable","14":"shipping-taxable","15":"purchasable","16":"product-type-variable"},"_links":{"self":[{"href":"https:\/\/petityu.com\/en\/wp-json\/wp\/v2\/product\/7554","targetHints":{"allow":["GET"]}}],"collection":[{"href":"https:\/\/petityu.com\/en\/wp-json\/wp\/v2\/product"}],"about":[{"href":"https:\/\/petityu.com\/en\/wp-json\/wp\/v2\/types\/product"}],"wp:featuredmedia":[{"embeddable":true,"href":"https:\/\/petityu.com\/en\/wp-json\/wp\/v2\/media\/7552"}],"wp:attachment":[{"href":"https:\/\/petityu.com\/en\/wp-json\/wp\/v2\/media?parent=7554"}],"wp:term":[{"taxonomy":"product_brand","embeddable":true,"href":"https:\/\/petityu.com\/en\/wp-json\/wp\/v2\/product_brand?post=7554"},{"taxonomy":"product_cat","embeddable":true,"href":"https:\/\/petityu.com\/en\/wp-json\/wp\/v2\/product_cat?post=7554"},{"taxonomy":"product_tag","embeddable":true,"href":"https:\/\/petityu.com\/en\/wp-json\/wp\/v2\/product_tag?post=7554"}],"curies":[{"name":"wp","href":"https:\/\/api.w.org\/{rel}","templated":true}]}}