{"id":7558,"date":"2024-09-19T17:10:42","date_gmt":"2024-09-19T14:10:42","guid":{"rendered":"https:\/\/petityu.com\/acik-yesil-gokkusagi-desenli-kiz-cocuk-sweatshirt-elbise\/"},"modified":"2026-03-10T14:08:57","modified_gmt":"2026-03-10T11:08:57","slug":"acik-yesil-gokkusagi-desenli-kiz-cocuk-sweatshirt-elbise","status":"publish","type":"product","link":"https:\/\/petityu.com\/en\/acik-yesil-gokkusagi-desenli-kiz-cocuk-sweatshirt-elbise\/","title":{"rendered":"Petityu A\u00e7\u0131k Ye\u015fil G\u00f6kku\u015fa\u011f\u0131 Desenli K\u0131z \u00c7ocuk Sweatshirt Elbise"},"content":{"rendered":"<div ><br \/>\n<ul><br \/>\n<li>Light green <br><\/li><br \/>\n<li>G\u00f6kku\u015fa\u011f\u0131 Desenli&nbsp; <br><\/li><br \/>\n<li>K\u0131z \u00c7ocuk Sweatshirt Elbise<\/li><\/ul><\/div>","protected":false},"excerpt":{"rendered":"<p>A\u00e7\u0131k Ye\u015fil G\u00f6kku\u015fa\u011f\u0131 Desenli&nbsp; K\u0131z \u00c7ocuk Sweatshirt Elbise<\/p>","protected":false},"featured_media":7557,"template":"","meta":[],"product_brand":[],"product_cat":[972,15,935,976],"product_tag":[],"class_list":{"0":"post-7558","1":"product","2":"type-product","3":"status-publish","4":"has-post-thumbnail","6":"product_cat-elbise","7":"product_cat-genel","8":"product_cat-kizcocuk","9":"product_cat-sweatshirt","11":"first","12":"instock","13":"featured","14":"taxable","15":"shipping-taxable","16":"purchasable","17":"product-type-variable","18":"has-default-attributes"},"_links":{"self":[{"href":"https:\/\/petityu.com\/en\/wp-json\/wp\/v2\/product\/7558","targetHints":{"allow":["GET"]}}],"collection":[{"href":"https:\/\/petityu.com\/en\/wp-json\/wp\/v2\/product"}],"about":[{"href":"https:\/\/petityu.com\/en\/wp-json\/wp\/v2\/types\/product"}],"wp:featuredmedia":[{"embeddable":true,"href":"https:\/\/petityu.com\/en\/wp-json\/wp\/v2\/media\/7557"}],"wp:attachment":[{"href":"https:\/\/petityu.com\/en\/wp-json\/wp\/v2\/media?parent=7558"}],"wp:term":[{"taxonomy":"product_brand","embeddable":true,"href":"https:\/\/petityu.com\/en\/wp-json\/wp\/v2\/product_brand?post=7558"},{"taxonomy":"product_cat","embeddable":true,"href":"https:\/\/petityu.com\/en\/wp-json\/wp\/v2\/product_cat?post=7558"},{"taxonomy":"product_tag","embeddable":true,"href":"https:\/\/petityu.com\/en\/wp-json\/wp\/v2\/product_tag?post=7558"}],"curies":[{"name":"wp","href":"https:\/\/api.w.org\/{rel}","templated":true}]}}