{"id":7563,"date":"2024-09-19T17:10:58","date_gmt":"2024-09-19T14:10:58","guid":{"rendered":"https:\/\/petityu.com\/askili-yildiz-pullu-payetli-kiz-cocuk-beyaz-dogumgunu-elbise\/"},"modified":"2025-09-25T17:28:10","modified_gmt":"2025-09-25T14:28:10","slug":"askili-yildiz-pullu-payetli-kiz-cocuk-beyaz-dogumgunu-elbise","status":"publish","type":"product","link":"https:\/\/petityu.com\/en\/askili-yildiz-pullu-payetli-kiz-cocuk-beyaz-dogumgunu-elbise\/","title":{"rendered":"Petityu Ask\u0131l\u0131 Y\u0131ld\u0131z Pullu Payetli K\u0131z \u00c7ocuk Beyaz Do\u011fumg\u00fcn\u00fc Elbise"},"content":{"rendered":"<div ><br \/>\n<ul><br \/>\n<li>k\u0131z \u00e7ocuk ask\u0131l\u0131 elbise<\/li><br \/>\n<li>koton astarl\u0131 \u015firin y\u0131ld\u0131z pullu elbise<\/li><\/ul><\/div>","protected":false},"excerpt":{"rendered":"<p>k\u0131z \u00e7ocuk ask\u0131l\u0131 elbise koton astarl\u0131 \u015firin y\u0131ld\u0131z pullu elbise<\/p>","protected":false},"featured_media":7562,"template":"","meta":[],"product_brand":[],"product_cat":[15,972,935],"product_tag":[],"class_list":{"0":"post-7563","1":"product","2":"type-product","3":"status-publish","4":"has-post-thumbnail","6":"product_cat-genel","7":"product_cat-elbise","8":"product_cat-kizcocuk","10":"first","11":"instock","12":"taxable","13":"shipping-taxable","14":"purchasable","15":"product-type-variable"},"_links":{"self":[{"href":"https:\/\/petityu.com\/en\/wp-json\/wp\/v2\/product\/7563","targetHints":{"allow":["GET"]}}],"collection":[{"href":"https:\/\/petityu.com\/en\/wp-json\/wp\/v2\/product"}],"about":[{"href":"https:\/\/petityu.com\/en\/wp-json\/wp\/v2\/types\/product"}],"wp:featuredmedia":[{"embeddable":true,"href":"https:\/\/petityu.com\/en\/wp-json\/wp\/v2\/media\/7562"}],"wp:attachment":[{"href":"https:\/\/petityu.com\/en\/wp-json\/wp\/v2\/media?parent=7563"}],"wp:term":[{"taxonomy":"product_brand","embeddable":true,"href":"https:\/\/petityu.com\/en\/wp-json\/wp\/v2\/product_brand?post=7563"},{"taxonomy":"product_cat","embeddable":true,"href":"https:\/\/petityu.com\/en\/wp-json\/wp\/v2\/product_cat?post=7563"},{"taxonomy":"product_tag","embeddable":true,"href":"https:\/\/petityu.com\/en\/wp-json\/wp\/v2\/product_tag?post=7563"}],"curies":[{"name":"wp","href":"https:\/\/api.w.org\/{rel}","templated":true}]}}