{"id":7572,"date":"2024-09-19T17:11:30","date_gmt":"2024-09-19T14:11:30","guid":{"rendered":"https:\/\/petityu.com\/cupcake-desenli-sirti-capraz-sirin-fiyonklu-kiz-cocuk-mayo\/"},"modified":"2026-04-13T23:20:12","modified_gmt":"2026-04-13T20:20:12","slug":"cupcake-desenli-sirti-capraz-sirin-fiyonklu-kiz-cocuk-mayo","status":"publish","type":"product","link":"https:\/\/petityu.com\/en\/cupcake-desenli-sirti-capraz-sirin-fiyonklu-kiz-cocuk-mayo\/","title":{"rendered":"Cupcake Desenli S\u0131rt\u0131 \u00c7apraz \u015eirin Fiyonklu K\u0131z \u00c7ocuk Mayo"},"content":{"rendered":"<p><p>k\u0131z cocuk mayo \u015firin k\u0131z \u00e7ocuk mayo cupcake desenli k\u0131z \u00e7ocuk mayo s\u0131rt\u0131 \u00e7apraz k\u0131z cocuk mayo<\/p><\/p>","protected":false},"excerpt":{"rendered":"<p>k\u0131z cocuk mayo \u015firin k\u0131z \u00e7ocuk mayo cupcake desenli k\u0131z \u00e7ocuk mayo s\u0131rt\u0131 \u00e7apraz k\u0131z cocuk mayo<\/p>","protected":false},"featured_media":7571,"template":"","meta":[],"product_brand":[],"product_cat":[15,935,974],"product_tag":[],"class_list":{"0":"post-7572","1":"product","2":"type-product","3":"status-publish","4":"has-post-thumbnail","6":"product_cat-genel","7":"product_cat-kizcocuk","8":"product_cat-mayo","10":"first","11":"instock","12":"taxable","13":"shipping-taxable","14":"purchasable","15":"product-type-variable"},"_links":{"self":[{"href":"https:\/\/petityu.com\/en\/wp-json\/wp\/v2\/product\/7572","targetHints":{"allow":["GET"]}}],"collection":[{"href":"https:\/\/petityu.com\/en\/wp-json\/wp\/v2\/product"}],"about":[{"href":"https:\/\/petityu.com\/en\/wp-json\/wp\/v2\/types\/product"}],"wp:featuredmedia":[{"embeddable":true,"href":"https:\/\/petityu.com\/en\/wp-json\/wp\/v2\/media\/7571"}],"wp:attachment":[{"href":"https:\/\/petityu.com\/en\/wp-json\/wp\/v2\/media?parent=7572"}],"wp:term":[{"taxonomy":"product_brand","embeddable":true,"href":"https:\/\/petityu.com\/en\/wp-json\/wp\/v2\/product_brand?post=7572"},{"taxonomy":"product_cat","embeddable":true,"href":"https:\/\/petityu.com\/en\/wp-json\/wp\/v2\/product_cat?post=7572"},{"taxonomy":"product_tag","embeddable":true,"href":"https:\/\/petityu.com\/en\/wp-json\/wp\/v2\/product_tag?post=7572"}],"curies":[{"name":"wp","href":"https:\/\/api.w.org\/{rel}","templated":true}]}}