{"id":7579,"date":"2024-09-19T17:11:59","date_gmt":"2024-09-19T14:11:59","guid":{"rendered":"https:\/\/petityu.com\/askili-elsa-lilamsi-mavi-koton-astarli-tutu-yildizli-dogumgunu-elbisesi\/"},"modified":"2025-09-23T14:19:57","modified_gmt":"2025-09-23T11:19:57","slug":"askili-elsa-lilamsi-mavi-koton-astarli-tutu-yildizli-dogumgunu-elbisesi","status":"publish","type":"product","link":"https:\/\/petityu.com\/en\/askili-elsa-lilamsi-mavi-koton-astarli-tutu-yildizli-dogumgunu-elbisesi\/","title":{"rendered":"Ask\u0131l\u0131 Elsa Lilams\u0131 Mavi Koton Astarl\u0131 Tutu Y\u0131ld\u0131zl\u0131 Do\u011fumg\u00fcn\u00fc Elbisesi"},"content":{"rendered":"<div >k\u0131z &ccedil;ocuk ask\u0131l\u0131 elbise<\/div>\n<div>k\u0131z &ccedil;ocuk \u015firin do\u011fumg&uuml;n&uuml; elbisesi<\/div>\n<div>&nbsp;<\/div>","protected":false},"excerpt":{"rendered":"<p>k\u0131z &ccedil;ocuk ask\u0131l\u0131 elbise k\u0131z &ccedil;ocuk \u015firin do\u011fumg&uuml;n&uuml; elbisesi &nbsp;<\/p>","protected":false},"featured_media":7576,"template":"","meta":[],"product_brand":[],"product_cat":[972,15,935],"product_tag":[],"class_list":{"0":"post-7579","1":"product","2":"type-product","3":"status-publish","4":"has-post-thumbnail","6":"product_cat-elbise","7":"product_cat-genel","8":"product_cat-kizcocuk","10":"first","11":"outofstock","12":"taxable","13":"shipping-taxable","14":"purchasable","15":"product-type-variable"},"_links":{"self":[{"href":"https:\/\/petityu.com\/en\/wp-json\/wp\/v2\/product\/7579","targetHints":{"allow":["GET"]}}],"collection":[{"href":"https:\/\/petityu.com\/en\/wp-json\/wp\/v2\/product"}],"about":[{"href":"https:\/\/petityu.com\/en\/wp-json\/wp\/v2\/types\/product"}],"wp:featuredmedia":[{"embeddable":true,"href":"https:\/\/petityu.com\/en\/wp-json\/wp\/v2\/media\/7576"}],"wp:attachment":[{"href":"https:\/\/petityu.com\/en\/wp-json\/wp\/v2\/media?parent=7579"}],"wp:term":[{"taxonomy":"product_brand","embeddable":true,"href":"https:\/\/petityu.com\/en\/wp-json\/wp\/v2\/product_brand?post=7579"},{"taxonomy":"product_cat","embeddable":true,"href":"https:\/\/petityu.com\/en\/wp-json\/wp\/v2\/product_cat?post=7579"},{"taxonomy":"product_tag","embeddable":true,"href":"https:\/\/petityu.com\/en\/wp-json\/wp\/v2\/product_tag?post=7579"}],"curies":[{"name":"wp","href":"https:\/\/api.w.org\/{rel}","templated":true}]}}