{"id":7583,"date":"2024-09-19T17:12:17","date_gmt":"2024-09-19T14:12:17","guid":{"rendered":"https:\/\/petityu.com\/payetli-pullu-tullu-koyu-gri-teddy-sirin-kiz-cocuk-sweatshirt\/"},"modified":"2025-11-27T15:04:33","modified_gmt":"2025-11-27T12:04:33","slug":"payetli-pullu-tullu-koyu-gri-teddy-sirin-kiz-cocuk-sweatshirt","status":"publish","type":"product","link":"https:\/\/petityu.com\/en\/payetli-pullu-tullu-koyu-gri-teddy-sirin-kiz-cocuk-sweatshirt\/","title":{"rendered":"Payetli Pullu T\u00fcll\u00fc Koyu Gri Teddy \u015eirin K\u0131z \u00c7ocuk Sweatshirt"},"content":{"rendered":"<div ><br \/>\n<ul><br \/>\n<li>Payetli Pullu T\u00fcll\u00fc \u015eirin Teddy Koyu Gri K\u0131z \u00c7ocuk Sweathirt<\/li><\/ul><\/div>","protected":false},"excerpt":{"rendered":"<p>Payetli Pullu T\u00fcll\u00fc \u015eirin Teddy Koyu Gri K\u0131z \u00c7ocuk Sweathirt<\/p>","protected":false},"featured_media":7582,"template":"","meta":[],"product_brand":[],"product_cat":[972,15,935,976],"product_tag":[],"class_list":{"0":"post-7583","1":"product","2":"type-product","3":"status-publish","4":"has-post-thumbnail","6":"product_cat-elbise","7":"product_cat-genel","8":"product_cat-kizcocuk","9":"product_cat-sweatshirt","11":"first","12":"instock","13":"taxable","14":"shipping-taxable","15":"purchasable","16":"product-type-variable"},"_links":{"self":[{"href":"https:\/\/petityu.com\/en\/wp-json\/wp\/v2\/product\/7583","targetHints":{"allow":["GET"]}}],"collection":[{"href":"https:\/\/petityu.com\/en\/wp-json\/wp\/v2\/product"}],"about":[{"href":"https:\/\/petityu.com\/en\/wp-json\/wp\/v2\/types\/product"}],"wp:featuredmedia":[{"embeddable":true,"href":"https:\/\/petityu.com\/en\/wp-json\/wp\/v2\/media\/7582"}],"wp:attachment":[{"href":"https:\/\/petityu.com\/en\/wp-json\/wp\/v2\/media?parent=7583"}],"wp:term":[{"taxonomy":"product_brand","embeddable":true,"href":"https:\/\/petityu.com\/en\/wp-json\/wp\/v2\/product_brand?post=7583"},{"taxonomy":"product_cat","embeddable":true,"href":"https:\/\/petityu.com\/en\/wp-json\/wp\/v2\/product_cat?post=7583"},{"taxonomy":"product_tag","embeddable":true,"href":"https:\/\/petityu.com\/en\/wp-json\/wp\/v2\/product_tag?post=7583"}],"curies":[{"name":"wp","href":"https:\/\/api.w.org\/{rel}","templated":true}]}}