{"id":7589,"date":"2024-09-19T17:12:35","date_gmt":"2024-09-19T14:12:35","guid":{"rendered":"https:\/\/petityu.com\/kalpli-cizgili-yakali-sirin-kiz-cocuk-dogumgunu-elbisesi\/"},"modified":"2026-03-05T21:33:16","modified_gmt":"2026-03-05T18:33:16","slug":"kalpli-cizgili-yakali-sirin-kiz-cocuk-dogumgunu-elbisesi","status":"publish","type":"product","link":"https:\/\/petityu.com\/en\/kalpli-cizgili-yakali-sirin-kiz-cocuk-dogumgunu-elbisesi\/","title":{"rendered":"Petityu Kalpli \u00c7izgili Yakal\u0131 \u015eirin K\u0131z \u00c7ocuk Do\u011fumg\u00fcn\u00fc Elbisesi"},"content":{"rendered":"<div>\n<ul>\n<li>Kalpli &Ccedil;izgili Yakal\u0131 \u015eirin K\u0131z &Ccedil;ocuk Do\u011fumg&uuml;n&uuml; Elbisesi<\/li>\n<\/ul>\n<div>&nbsp;<\/div>\n<\/div>","protected":false},"excerpt":{"rendered":"<p>Kalpli &Ccedil;izgili Yakal\u0131 \u015eirin K\u0131z &Ccedil;ocuk Do\u011fumg&uuml;n&uuml; Elbisesi &nbsp;<\/p>","protected":false},"featured_media":7588,"template":"","meta":[],"product_brand":[],"product_cat":[15,972,935],"product_tag":[],"class_list":{"0":"post-7589","1":"product","2":"type-product","3":"status-publish","4":"has-post-thumbnail","6":"product_cat-genel","7":"product_cat-elbise","8":"product_cat-kizcocuk","10":"first","11":"instock","12":"taxable","13":"shipping-taxable","14":"purchasable","15":"product-type-variable"},"_links":{"self":[{"href":"https:\/\/petityu.com\/en\/wp-json\/wp\/v2\/product\/7589","targetHints":{"allow":["GET"]}}],"collection":[{"href":"https:\/\/petityu.com\/en\/wp-json\/wp\/v2\/product"}],"about":[{"href":"https:\/\/petityu.com\/en\/wp-json\/wp\/v2\/types\/product"}],"wp:featuredmedia":[{"embeddable":true,"href":"https:\/\/petityu.com\/en\/wp-json\/wp\/v2\/media\/7588"}],"wp:attachment":[{"href":"https:\/\/petityu.com\/en\/wp-json\/wp\/v2\/media?parent=7589"}],"wp:term":[{"taxonomy":"product_brand","embeddable":true,"href":"https:\/\/petityu.com\/en\/wp-json\/wp\/v2\/product_brand?post=7589"},{"taxonomy":"product_cat","embeddable":true,"href":"https:\/\/petityu.com\/en\/wp-json\/wp\/v2\/product_cat?post=7589"},{"taxonomy":"product_tag","embeddable":true,"href":"https:\/\/petityu.com\/en\/wp-json\/wp\/v2\/product_tag?post=7589"}],"curies":[{"name":"wp","href":"https:\/\/api.w.org\/{rel}","templated":true}]}}