{"id":7600,"date":"2024-09-19T17:13:11","date_gmt":"2024-09-19T14:13:11","guid":{"rendered":"https:\/\/petityu.com\/mor-tullu-gokkusagi-desenli-rahat-kiz-cocuk-elbise\/"},"modified":"2025-12-01T00:30:42","modified_gmt":"2025-11-30T21:30:42","slug":"mor-tullu-gokkusagi-desenli-rahat-kiz-cocuk-elbise","status":"publish","type":"product","link":"https:\/\/petityu.com\/en\/mor-tullu-gokkusagi-desenli-rahat-kiz-cocuk-elbise\/","title":{"rendered":"Petityu Mor T\u00fcll\u00fc G\u00f6kku\u015fa\u011f\u0131 Desenli Rahat K\u0131z \u00c7ocuk Elbise"},"content":{"rendered":"<div ><br \/>\n<ul><br \/>\n<li>Mor renk<\/li><br \/>\n<li>T\u00fcll\u00fc g\u00f6kku\u015fa\u011f\u0131 desenli rahat k\u0131z \u00e7ocuk elbise<\/li><\/ul><br \/>\n<div>&nbsp;<\/div><\/div>","protected":false},"excerpt":{"rendered":"<p>Mor renk T\u00fcll\u00fc g\u00f6kku\u015fa\u011f\u0131 desenli rahat k\u0131z \u00e7ocuk elbise &nbsp;<\/p>","protected":false},"featured_media":7599,"template":"","meta":[],"product_brand":[],"product_cat":[972,15,935],"product_tag":[],"class_list":{"0":"post-7600","1":"product","2":"type-product","3":"status-publish","4":"has-post-thumbnail","6":"product_cat-elbise","7":"product_cat-genel","8":"product_cat-kizcocuk","10":"first","11":"instock","12":"taxable","13":"shipping-taxable","14":"purchasable","15":"product-type-variable"},"_links":{"self":[{"href":"https:\/\/petityu.com\/en\/wp-json\/wp\/v2\/product\/7600","targetHints":{"allow":["GET"]}}],"collection":[{"href":"https:\/\/petityu.com\/en\/wp-json\/wp\/v2\/product"}],"about":[{"href":"https:\/\/petityu.com\/en\/wp-json\/wp\/v2\/types\/product"}],"wp:featuredmedia":[{"embeddable":true,"href":"https:\/\/petityu.com\/en\/wp-json\/wp\/v2\/media\/7599"}],"wp:attachment":[{"href":"https:\/\/petityu.com\/en\/wp-json\/wp\/v2\/media?parent=7600"}],"wp:term":[{"taxonomy":"product_brand","embeddable":true,"href":"https:\/\/petityu.com\/en\/wp-json\/wp\/v2\/product_brand?post=7600"},{"taxonomy":"product_cat","embeddable":true,"href":"https:\/\/petityu.com\/en\/wp-json\/wp\/v2\/product_cat?post=7600"},{"taxonomy":"product_tag","embeddable":true,"href":"https:\/\/petityu.com\/en\/wp-json\/wp\/v2\/product_tag?post=7600"}],"curies":[{"name":"wp","href":"https:\/\/api.w.org\/{rel}","templated":true}]}}