{"id":7605,"date":"2024-09-19T17:13:29","date_gmt":"2024-09-19T14:13:29","guid":{"rendered":"https:\/\/petityu.com\/my-melody-pembe-sirti-aplikeli-sirin-su-gecirmez-yagmurluk\/"},"modified":"2026-03-31T20:10:59","modified_gmt":"2026-03-31T17:10:59","slug":"my-melody-pembe-sirti-aplikeli-sirin-su-gecirmez-yagmurluk","status":"publish","type":"product","link":"https:\/\/petityu.com\/en\/my-melody-pembe-sirti-aplikeli-sirin-su-gecirmez-yagmurluk\/","title":{"rendered":"My Melody Pembe S\u0131rt\u0131 Aplikeli \u015eirin Su Ge\u00e7irmez Ya\u011fmurluk"},"content":{"rendered":"<div ><br \/>\n<ul><br \/>\n<li>My melody a\u015f\u0131r\u0131 \u015firin su ge\u00e7irmez ya\u011fmurluk<\/li><\/ul><\/div>","protected":false},"excerpt":{"rendered":"<p>My melody a\u015f\u0131r\u0131 \u015firin su ge\u00e7irmez ya\u011fmurluk<\/p>","protected":false},"featured_media":7604,"template":"","meta":[],"product_brand":[],"product_cat":[15,935,973],"product_tag":[],"class_list":{"0":"post-7605","1":"product","2":"type-product","3":"status-publish","4":"has-post-thumbnail","6":"product_cat-genel","7":"product_cat-kizcocuk","8":"product_cat-yagmurluk-tulum-yagmur-pantalonu","10":"first","11":"instock","12":"taxable","13":"shipping-taxable","14":"purchasable","15":"product-type-variable"},"_links":{"self":[{"href":"https:\/\/petityu.com\/en\/wp-json\/wp\/v2\/product\/7605","targetHints":{"allow":["GET"]}}],"collection":[{"href":"https:\/\/petityu.com\/en\/wp-json\/wp\/v2\/product"}],"about":[{"href":"https:\/\/petityu.com\/en\/wp-json\/wp\/v2\/types\/product"}],"wp:featuredmedia":[{"embeddable":true,"href":"https:\/\/petityu.com\/en\/wp-json\/wp\/v2\/media\/7604"}],"wp:attachment":[{"href":"https:\/\/petityu.com\/en\/wp-json\/wp\/v2\/media?parent=7605"}],"wp:term":[{"taxonomy":"product_brand","embeddable":true,"href":"https:\/\/petityu.com\/en\/wp-json\/wp\/v2\/product_brand?post=7605"},{"taxonomy":"product_cat","embeddable":true,"href":"https:\/\/petityu.com\/en\/wp-json\/wp\/v2\/product_cat?post=7605"},{"taxonomy":"product_tag","embeddable":true,"href":"https:\/\/petityu.com\/en\/wp-json\/wp\/v2\/product_tag?post=7605"}],"curies":[{"name":"wp","href":"https:\/\/api.w.org\/{rel}","templated":true}]}}