{"id":7611,"date":"2024-09-19T17:13:51","date_gmt":"2024-09-19T14:13:51","guid":{"rendered":"https:\/\/petityu.com\/pembe-balerin-ayakkabi-desenli-pullu-tullu-uzun-kollu-elbise\/"},"modified":"2025-10-28T12:01:22","modified_gmt":"2025-10-28T09:01:22","slug":"pembe-balerin-ayakkabi-desenli-pullu-tullu-uzun-kollu-elbise","status":"publish","type":"product","link":"https:\/\/petityu.com\/en\/pembe-balerin-ayakkabi-desenli-pullu-tullu-uzun-kollu-elbise\/","title":{"rendered":"Petityu Pembe Balerin Ayakkab\u0131 Desenli Pullu T\u00fcll\u00fc Uzun Kollu Elbise"},"content":{"rendered":"<div ><br \/>\n<ul><br \/>\n<li>Balerin Ayakkab\u0131 Desenli&nbsp; <br><\/li><br \/>\n<li>Pullu T\u00fcll\u00fc Elbise<\/li><\/ul><br \/>\n<div><br><\/div><\/div>","protected":false},"excerpt":{"rendered":"<p>Balerin Ayakkab\u0131 Desenli&nbsp; Pullu T\u00fcll\u00fc Elbise<\/p>","protected":false},"featured_media":7610,"template":"","meta":[],"product_brand":[],"product_cat":[15,972,935],"product_tag":[],"class_list":{"0":"post-7611","1":"product","2":"type-product","3":"status-publish","4":"has-post-thumbnail","6":"product_cat-genel","7":"product_cat-elbise","8":"product_cat-kizcocuk","10":"first","11":"outofstock","12":"taxable","13":"shipping-taxable","14":"purchasable","15":"product-type-variable"},"_links":{"self":[{"href":"https:\/\/petityu.com\/en\/wp-json\/wp\/v2\/product\/7611","targetHints":{"allow":["GET"]}}],"collection":[{"href":"https:\/\/petityu.com\/en\/wp-json\/wp\/v2\/product"}],"about":[{"href":"https:\/\/petityu.com\/en\/wp-json\/wp\/v2\/types\/product"}],"wp:featuredmedia":[{"embeddable":true,"href":"https:\/\/petityu.com\/en\/wp-json\/wp\/v2\/media\/7610"}],"wp:attachment":[{"href":"https:\/\/petityu.com\/en\/wp-json\/wp\/v2\/media?parent=7611"}],"wp:term":[{"taxonomy":"product_brand","embeddable":true,"href":"https:\/\/petityu.com\/en\/wp-json\/wp\/v2\/product_brand?post=7611"},{"taxonomy":"product_cat","embeddable":true,"href":"https:\/\/petityu.com\/en\/wp-json\/wp\/v2\/product_cat?post=7611"},{"taxonomy":"product_tag","embeddable":true,"href":"https:\/\/petityu.com\/en\/wp-json\/wp\/v2\/product_tag?post=7611"}],"curies":[{"name":"wp","href":"https:\/\/api.w.org\/{rel}","templated":true}]}}