{"id":7616,"date":"2024-09-19T17:14:10","date_gmt":"2024-09-19T14:14:10","guid":{"rendered":"https:\/\/petityu.com\/pamuk-astar-cicek-kelebek-nakisli-sirin-yazlik-sac-bantli-kiz-cocuk-pembe-dogumgunu-elbisesi\/"},"modified":"2026-04-17T16:18:53","modified_gmt":"2026-04-17T13:18:53","slug":"pamuk-astar-cicek-kelebek-nakisli-sirin-yazlik-sac-bantli-kiz-cocuk-pembe-dogumgunu-elbisesi","status":"publish","type":"product","link":"https:\/\/petityu.com\/en\/pamuk-astar-cicek-kelebek-nakisli-sirin-yazlik-sac-bantli-kiz-cocuk-pembe-dogumgunu-elbisesi\/","title":{"rendered":"Petityu Pamuk Astar \u00c7i\u00e7ek Kelebek Nak\u0131\u015fl\u0131 \u015eirin Yazl\u0131k Sa\u00e7 Bantl\u0131 K\u0131z \u00c7ocuk Pembe Do\u011fumg\u00fcn\u00fc Elbisesi"},"content":{"rendered":"<div ><ul><li>\u00e7i\u00e7ek ve kelebek nak\u0131\u015fl\u0131<\/li><li>pamuklu yumu\u015fac\u0131k astarl\u0131<\/li><li>ask\u0131l\u0131 k\u0131z \u00e7ocuk yazl\u0131k do\u011fumg\u00fcn\u00fc elbisesi<\/li><li>sa\u00e7 band\u0131 hediyeli<\/li><\/ul><div>&nbsp;<\/div><\/div>","protected":false},"excerpt":{"rendered":"<p>\u00e7i\u00e7ek ve kelebek nak\u0131\u015fl\u0131pamuklu yumu\u015fac\u0131k astarl\u0131ask\u0131l\u0131 k\u0131z \u00e7ocuk yazl\u0131k do\u011fumg\u00fcn\u00fc elbisesisa\u00e7 band\u0131 hediyeli&nbsp;<\/p>","protected":false},"featured_media":7615,"template":"","meta":[],"product_brand":[],"product_cat":[972,15,935],"product_tag":[],"class_list":{"0":"post-7616","1":"product","2":"type-product","3":"status-publish","4":"has-post-thumbnail","6":"product_cat-elbise","7":"product_cat-genel","8":"product_cat-kizcocuk","10":"first","11":"instock","12":"featured","13":"taxable","14":"shipping-taxable","15":"purchasable","16":"product-type-variable"},"_links":{"self":[{"href":"https:\/\/petityu.com\/en\/wp-json\/wp\/v2\/product\/7616","targetHints":{"allow":["GET"]}}],"collection":[{"href":"https:\/\/petityu.com\/en\/wp-json\/wp\/v2\/product"}],"about":[{"href":"https:\/\/petityu.com\/en\/wp-json\/wp\/v2\/types\/product"}],"wp:featuredmedia":[{"embeddable":true,"href":"https:\/\/petityu.com\/en\/wp-json\/wp\/v2\/media\/7615"}],"wp:attachment":[{"href":"https:\/\/petityu.com\/en\/wp-json\/wp\/v2\/media?parent=7616"}],"wp:term":[{"taxonomy":"product_brand","embeddable":true,"href":"https:\/\/petityu.com\/en\/wp-json\/wp\/v2\/product_brand?post=7616"},{"taxonomy":"product_cat","embeddable":true,"href":"https:\/\/petityu.com\/en\/wp-json\/wp\/v2\/product_cat?post=7616"},{"taxonomy":"product_tag","embeddable":true,"href":"https:\/\/petityu.com\/en\/wp-json\/wp\/v2\/product_tag?post=7616"}],"curies":[{"name":"wp","href":"https:\/\/api.w.org\/{rel}","templated":true}]}}