{"id":7622,"date":"2024-09-19T17:14:34","date_gmt":"2024-09-19T14:14:34","guid":{"rendered":"https:\/\/petityu.com\/siyah-yildizli-tutu-elbise-kiz-cocuk-dogumgunu-elbisesi\/"},"modified":"2026-01-06T14:40:55","modified_gmt":"2026-01-06T11:40:55","slug":"siyah-yildizli-tutu-elbise-kiz-cocuk-dogumgunu-elbisesi","status":"publish","type":"product","link":"https:\/\/petityu.com\/en\/siyah-yildizli-tutu-elbise-kiz-cocuk-dogumgunu-elbisesi\/","title":{"rendered":"Petityu Siyah Y\u0131ld\u0131zl\u0131 Tutu Elbise K\u0131z \u00c7ocuk Do\u011fumg\u00fcn\u00fc Elbisesi"},"content":{"rendered":"<div ><br \/>\n<ul><br \/>\n<li>k\u0131z \u00e7ocuk siyah y\u0131ld\u0131zl\u0131 kat kat cool tutu elbise<\/li><\/ul><br \/>\n<div>&nbsp;<\/div><\/div>","protected":false},"excerpt":{"rendered":"<p>k\u0131z \u00e7ocuk siyah y\u0131ld\u0131zl\u0131 kat kat cool tutu elbise &nbsp;<\/p>","protected":false},"featured_media":7620,"template":"","meta":[],"product_brand":[],"product_cat":[972,15,935],"product_tag":[],"class_list":{"0":"post-7622","1":"product","2":"type-product","3":"status-publish","4":"has-post-thumbnail","6":"product_cat-elbise","7":"product_cat-genel","8":"product_cat-kizcocuk","10":"first","11":"instock","12":"taxable","13":"shipping-taxable","14":"purchasable","15":"product-type-variable"},"_links":{"self":[{"href":"https:\/\/petityu.com\/en\/wp-json\/wp\/v2\/product\/7622","targetHints":{"allow":["GET"]}}],"collection":[{"href":"https:\/\/petityu.com\/en\/wp-json\/wp\/v2\/product"}],"about":[{"href":"https:\/\/petityu.com\/en\/wp-json\/wp\/v2\/types\/product"}],"wp:featuredmedia":[{"embeddable":true,"href":"https:\/\/petityu.com\/en\/wp-json\/wp\/v2\/media\/7620"}],"wp:attachment":[{"href":"https:\/\/petityu.com\/en\/wp-json\/wp\/v2\/media?parent=7622"}],"wp:term":[{"taxonomy":"product_brand","embeddable":true,"href":"https:\/\/petityu.com\/en\/wp-json\/wp\/v2\/product_brand?post=7622"},{"taxonomy":"product_cat","embeddable":true,"href":"https:\/\/petityu.com\/en\/wp-json\/wp\/v2\/product_cat?post=7622"},{"taxonomy":"product_tag","embeddable":true,"href":"https:\/\/petityu.com\/en\/wp-json\/wp\/v2\/product_tag?post=7622"}],"curies":[{"name":"wp","href":"https:\/\/api.w.org\/{rel}","templated":true}]}}