{"id":7628,"date":"2024-09-19T17:14:52","date_gmt":"2024-09-19T14:14:52","guid":{"rendered":"https:\/\/petityu.com\/acik-pembe-yildizli-tutu-kiz-cocuk-dogumgunu-elbisesi\/"},"modified":"2026-04-08T16:18:38","modified_gmt":"2026-04-08T13:18:38","slug":"acik-pembe-yildizli-tutu-kiz-cocuk-dogumgunu-elbisesi","status":"publish","type":"product","link":"https:\/\/petityu.com\/en\/acik-pembe-yildizli-tutu-kiz-cocuk-dogumgunu-elbisesi\/","title":{"rendered":"a\u00e7\u0131k pembe y\u0131ld\u0131zl\u0131 tutu k\u0131z \u00e7ocuk do\u011fumg\u00fcn\u00fc elbisesi"},"content":{"rendered":"<div ><ul><li>a\u00e7\u0131k pembe tutu elbise<\/li><li>k\u0131z \u00e7ocuk \u00e7ok \u015firin koton astarl\u0131 do\u011fumg\u00fcn\u00fc elbisesi<\/li><li>k\u0131z \u00e7ocuk \u015firin do\u011fumg\u00fcn\u00fc elbisesi&nbsp;<\/li><\/ul><div>&nbsp;<\/div><\/div>","protected":false},"excerpt":{"rendered":"<p>a\u00e7\u0131k pembe tutu elbisek\u0131z \u00e7ocuk \u00e7ok \u015firin koton astarl\u0131 do\u011fumg\u00fcn\u00fc elbisesik\u0131z \u00e7ocuk \u015firin do\u011fumg\u00fcn\u00fc elbisesi&nbsp;&nbsp;<\/p>","protected":false},"featured_media":7627,"template":"","meta":[],"product_brand":[],"product_cat":[972,15,935],"product_tag":[],"class_list":{"0":"post-7628","1":"product","2":"type-product","3":"status-publish","4":"has-post-thumbnail","6":"product_cat-elbise","7":"product_cat-genel","8":"product_cat-kizcocuk","10":"first","11":"instock","12":"featured","13":"taxable","14":"shipping-taxable","15":"purchasable","16":"product-type-variable"},"_links":{"self":[{"href":"https:\/\/petityu.com\/en\/wp-json\/wp\/v2\/product\/7628","targetHints":{"allow":["GET"]}}],"collection":[{"href":"https:\/\/petityu.com\/en\/wp-json\/wp\/v2\/product"}],"about":[{"href":"https:\/\/petityu.com\/en\/wp-json\/wp\/v2\/types\/product"}],"wp:featuredmedia":[{"embeddable":true,"href":"https:\/\/petityu.com\/en\/wp-json\/wp\/v2\/media\/7627"}],"wp:attachment":[{"href":"https:\/\/petityu.com\/en\/wp-json\/wp\/v2\/media?parent=7628"}],"wp:term":[{"taxonomy":"product_brand","embeddable":true,"href":"https:\/\/petityu.com\/en\/wp-json\/wp\/v2\/product_brand?post=7628"},{"taxonomy":"product_cat","embeddable":true,"href":"https:\/\/petityu.com\/en\/wp-json\/wp\/v2\/product_cat?post=7628"},{"taxonomy":"product_tag","embeddable":true,"href":"https:\/\/petityu.com\/en\/wp-json\/wp\/v2\/product_tag?post=7628"}],"curies":[{"name":"wp","href":"https:\/\/api.w.org\/{rel}","templated":true}]}}