{"id":7633,"date":"2024-09-19T17:15:10","date_gmt":"2024-09-19T14:15:10","guid":{"rendered":"https:\/\/petityu.com\/sirin-unicorn-ve-gokkusagi-desenli-cocuk-etek\/"},"modified":"2026-01-09T16:39:38","modified_gmt":"2026-01-09T13:39:38","slug":"sirin-unicorn-ve-gokkusagi-desenli-cocuk-etek","status":"publish","type":"product","link":"https:\/\/petityu.com\/en\/sirin-unicorn-ve-gokkusagi-desenli-cocuk-etek\/","title":{"rendered":"\u015eirin Unicorn Ve G\u00f6kku\u015fa\u011f\u0131 Desenli \u00c7ocuk Etek"},"content":{"rendered":"<div ><br \/>\n<ul><br \/>\n<li>Unicorn Ve G\u00f6kku\u015fa\u011f Desenli \u015eirin \u00c7ocuk Etek<\/li><\/ul><br \/>\n<div><br><\/div><\/div>","protected":false},"excerpt":{"rendered":"<p>Unicorn Ve G\u00f6kku\u015fa\u011f Desenli \u015eirin \u00c7ocuk Etek<\/p>","protected":false},"featured_media":7632,"template":"","meta":[],"product_brand":[],"product_cat":[15,971,935],"product_tag":[],"class_list":{"0":"post-7633","1":"product","2":"type-product","3":"status-publish","4":"has-post-thumbnail","6":"product_cat-genel","7":"product_cat-etek","8":"product_cat-kizcocuk","10":"first","11":"instock","12":"taxable","13":"shipping-taxable","14":"purchasable","15":"product-type-variable"},"_links":{"self":[{"href":"https:\/\/petityu.com\/en\/wp-json\/wp\/v2\/product\/7633","targetHints":{"allow":["GET"]}}],"collection":[{"href":"https:\/\/petityu.com\/en\/wp-json\/wp\/v2\/product"}],"about":[{"href":"https:\/\/petityu.com\/en\/wp-json\/wp\/v2\/types\/product"}],"wp:featuredmedia":[{"embeddable":true,"href":"https:\/\/petityu.com\/en\/wp-json\/wp\/v2\/media\/7632"}],"wp:attachment":[{"href":"https:\/\/petityu.com\/en\/wp-json\/wp\/v2\/media?parent=7633"}],"wp:term":[{"taxonomy":"product_brand","embeddable":true,"href":"https:\/\/petityu.com\/en\/wp-json\/wp\/v2\/product_brand?post=7633"},{"taxonomy":"product_cat","embeddable":true,"href":"https:\/\/petityu.com\/en\/wp-json\/wp\/v2\/product_cat?post=7633"},{"taxonomy":"product_tag","embeddable":true,"href":"https:\/\/petityu.com\/en\/wp-json\/wp\/v2\/product_tag?post=7633"}],"curies":[{"name":"wp","href":"https:\/\/api.w.org\/{rel}","templated":true}]}}